{"id":1409,"date":"2020-04-27T23:14:20","date_gmt":"2020-04-27T23:14:20","guid":{"rendered":"https:\/\/federacionargentinadeajedrez.org\/?page_id=1409"},"modified":"2020-04-27T23:16:48","modified_gmt":"2020-04-27T23:16:48","slug":"reglamento-ajedrez-online","status":"publish","type":"page","link":"https:\/\/federacionargentinadeajedrez.org\/?page_id=1409","title":{"rendered":"Reglamento Ajedrez Online"},"content":{"rendered":"\n<p><strong>Sistema anti-trampas<\/strong><\/p>\n\n\n\n<p>El equipo Anti-trampas est\u00e1 encabezado por el presidente de la Comisi\u00f3n anticheating de FADA y es responsable de cualquier decisi\u00f3n disciplinaria contra los infractores de esta pol\u00edtica.<br>El equipo FADA Anti-Cheating consta de especialistas en anti-trampa, maestros de ajedrez y expertos legales, y monitorea constantemente las partidas en conjunto con Chess.com&nbsp;y AL.<\/p>\n\n\n\n<p><strong>Acciones de hacer trampa<\/strong><\/p>\n\n\n\n<p><strong>Los jugadores no tienen permitido participar en pr\u00e1cticas de juego fraudulentas como:<\/strong><br><strong>\u2022<\/strong>&nbsp;El uso de asistencia de software de cualquier tipo mientras un juego est\u00e1 en progreso.<br><strong>\u2022<\/strong>&nbsp;Consultar a otras personas mientras juegan.<br><strong>\u2022<\/strong>&nbsp;Permitir que los jugadores sustitutos compartan su cuenta para jugar.<br><strong>\u2022<\/strong>&nbsp;Jugando con dos o m\u00e1s cuentas.<\/p>\n\n\n\n<p><strong>El equipo anti-trampa se reserva el derecho de no hacer indicaciones p\u00fablicas de las herramientas anal\u00edticas que conducen a pruebas claras o fuertes sospechas de cualquiera de las pr\u00e1cticas anteriores.<\/strong><\/p>\n\n\n\n<p><strong>Sanciones disciplinarias<\/strong><\/p>\n\n\n\n<p>&nbsp;Cualquier jugador reportado al equipo Anti-trampas por primera vez, recibe por correo electr\u00f3nico y mensaje del sistema una advertencia inmediata, que significar\u00e1 la descalificaci\u00f3n del torneo y un informe a la comisi\u00f3n de \u00e9tica de FADA.<br>La detecci\u00f3n de un evento que lleve e a la descalificaci\u00f3n, conllevar\u00e1 sanciones que pueden ir desde la descalificaci\u00f3n, hasta la suspensi\u00f3n de toda actividad regulada por FADA por hasta 12 meses (sin sanci\u00f3n econ\u00f3mica) o 6 meses + sanci\u00f3n econ\u00f3mica de hasta 10 c\u00e1nones FADA.<br>Las sanciones se aplican inmediatamente despu\u00e9s de la decisi\u00f3n del equipo Anti-trampas y el infractor es notificado por correo electr\u00f3nico y mensaje del sistema.<\/p>\n\n\n\n<p><strong>Apelaciones<\/strong><\/p>\n\n\n\n<p>&nbsp;Las decisiones y sanciones contra los infractores de la pol\u00edtica Anti-trampa no est\u00e1n sujetas a ninguna apelaci\u00f3n.\n\n<\/p>\n","protected":false},"excerpt":{"rendered":"<p>Sistema anti-trampas El equipo Anti-trampas est\u00e1 encabezado por el presidente de la Comisi\u00f3n anticheating de FADA y es responsable de cualquier decisi\u00f3n disciplinaria&hellip;<\/p>\n","protected":false},"author":1,"featured_media":0,"parent":0,"menu_order":0,"comment_status":"closed","ping_status":"closed","template":"","meta":{"footnotes":""},"class_list":["post-1409","page","type-page","status-publish","hentry"],"_links":{"self":[{"href":"https:\/\/federacionargentinadeajedrez.org\/index.php?rest_route=\/wp\/v2\/pages\/1409","targetHints":{"allow":["GET"]}}],"collection":[{"href":"https:\/\/federacionargentinadeajedrez.org\/index.php?rest_route=\/wp\/v2\/pages"}],"about":[{"href":"https:\/\/federacionargentinadeajedrez.org\/index.php?rest_route=\/wp\/v2\/types\/page"}],"author":[{"embeddable":true,"href":"https:\/\/federacionargentinadeajedrez.org\/index.php?rest_route=\/wp\/v2\/users\/1"}],"replies":[{"embeddable":true,"href":"https:\/\/federacionargentinadeajedrez.org\/index.php?rest_route=%2Fwp%2Fv2%2Fcomments&post=1409"}],"version-history":[{"count":2,"href":"https:\/\/federacionargentinadeajedrez.org\/index.php?rest_route=\/wp\/v2\/pages\/1409\/revisions"}],"predecessor-version":[{"id":1411,"href":"https:\/\/federacionargentinadeajedrez.org\/index.php?rest_route=\/wp\/v2\/pages\/1409\/revisions\/1411"}],"wp:attachment":[{"href":"https:\/\/federacionargentinadeajedrez.org\/index.php?rest_route=%2Fwp%2Fv2%2Fmedia&parent=1409"}],"curies":[{"name":"wp","href":"https:\/\/api.w.org\/{rel}","templated":true}]}}