{"id":2130,"date":"2020-08-10T15:37:39","date_gmt":"2020-08-10T15:37:39","guid":{"rendered":"https:\/\/federacionargentinadeajedrez.org\/?page_id=2130"},"modified":"2020-09-21T14:26:18","modified_gmt":"2020-09-21T14:26:18","slug":"dialogos-y-ajedrez","status":"publish","type":"page","link":"https:\/\/federacionargentinadeajedrez.org\/?page_id=2130","title":{"rendered":"Di\u00e1logos y Ajedrez"},"content":{"rendered":"\n<p><strong>Di\u00e1logos y Ajedrez<\/strong> es un ciclo de entrevistas online a destacadas personalidades del deporte, la cultura y la educaci\u00f3n de nuestros pa\u00eds.<\/p>\n\n\n\n<p>Entre los entrevistados de este primer ciclo se encuentran: el Gran Maestro&nbsp;<strong>Oscar Panno<\/strong>&nbsp;(Ex Campe\u00f3n Argentino de Ajedrez y Ex representante ol\u00edmpico),&nbsp;<strong>Gerardo Werthein<\/strong>&nbsp;(Presidente del Comit\u00e9 Ol\u00edmpico Argentino y miembro del Comit\u00e9 Ol\u00edmpico Internacional), el Gran Maestro&nbsp;<strong>Ariel Sorin<\/strong>&nbsp;(Ajedrecista y empresario),&nbsp;<strong>Ra\u00fal Bittel<\/strong>&nbsp;(Dirigente del deporte y arbitro internacional de ajedrez), el Gran Maestro&nbsp;<strong>Diego Valerga<\/strong>&nbsp;(Ajedrecista y Medico Pediatra), La Prof. Leilen Perez Diez (Comisi\u00f3n G\u00e9neros y Deportes FEDUA &#8211; Chair Federaci\u00f3n Internacional del Deporte Universitario FISU AMERICA), (el Maestro Internacional&nbsp;<strong>Tomas Sosa<\/strong>&nbsp;(Ajedrecista \u2013 Compositor) y el Maestro Internacional<strong>&nbsp;Jorge Sanchez Almeda<\/strong>&nbsp;(Ajedrecista, abogado y empresario).<br>Estas entrevistas estar\u00e1n a cargo de reconocidos periodistas, streamers y presentadores como:&nbsp;<strong>Luis Vinker<\/strong>&nbsp;(Clarin),&nbsp;<strong>Marcello Maller<\/strong>,&nbsp;<strong>Mariano Roa<\/strong>&nbsp;(Clarin), MI&nbsp;<strong>Maximiliano Perez<\/strong>&nbsp;(Ajedrecista y Streamer), MF&nbsp;<strong>Tomas Kapitanchuk<\/strong>&nbsp;(Ajedrecista y Streamer), GM&nbsp;<strong>Ariel Sorin&nbsp;<\/strong>(Ajedrecista y presentador), Prof. Fanny Perez (Comisi\u00f3n de Genero de FADA) y el AI OI&nbsp;<strong>Leandro Plotinsky.<\/strong><\/p>\n\n\n\n<p><strong>Di\u00e1logos y Ajedrez tendr\u00e1 transmisi\u00f3n en vivo los martes a las 20 hs desde los canales sociales de FADA en Facebook LIVE y YouTube.<\/strong><br><br><em>ORGANIZA: Comisi\u00f3n Di\u00e1logos y AJedrez FEDERACI\u00d3N ARGENTINA DE AJEDREZ<br>PRODUCCI\u00d3N PERIOD\u00cdSTICA: Ing. Mario Petrucci<br>PRODUCCI\u00d3N T\u00c9CNICA: AN Luciano Godoy<\/em><\/p>\n\n\n\n<figure class=\"wp-block-embed-youtube wp-block-embed is-type-video is-provider-youtube wp-embed-aspect-16-9 wp-has-aspect-ratio\"><div class=\"wp-block-embed__wrapper\">\n<iframe loading=\"lazy\" title=\"Di\u00e1logos y Ajedrez: GM Ariel Sorin por el MI Maximiliano Perez\" width=\"500\" height=\"281\" src=\"https:\/\/www.youtube.com\/embed\/AQGVYO6KYOw?feature=oembed\" frameborder=\"0\" allow=\"accelerometer; autoplay; clipboard-write; encrypted-media; gyroscope; picture-in-picture; web-share\" referrerpolicy=\"strict-origin-when-cross-origin\" allowfullscreen><\/iframe>\n<\/div><figcaption>EPISODIO 1: Entrevista al GM Ariel Sorin<\/figcaption><\/figure>\n\n\n\n<figure class=\"wp-block-embed-youtube wp-block-embed is-type-video is-provider-youtube wp-embed-aspect-16-9 wp-has-aspect-ratio\"><div class=\"wp-block-embed__wrapper\">\n<iframe loading=\"lazy\" title=\"Di\u00e1logos y Ajedrez: Entrevista al GM Oscar Panno por Luis Vinker\" width=\"500\" height=\"281\" src=\"https:\/\/www.youtube.com\/embed\/SpJf405gQt4?feature=oembed\" frameborder=\"0\" allow=\"accelerometer; autoplay; clipboard-write; encrypted-media; gyroscope; picture-in-picture; web-share\" referrerpolicy=\"strict-origin-when-cross-origin\" allowfullscreen><\/iframe>\n<\/div><figcaption>EPISODIO 2: Entrevista al GM Oscar Panno<\/figcaption><\/figure>\n\n\n\n<figure class=\"wp-block-embed-youtube wp-block-embed is-type-video is-provider-youtube wp-embed-aspect-16-9 wp-has-aspect-ratio\"><div class=\"wp-block-embed__wrapper\">\n<iframe loading=\"lazy\" title=\"Di\u00e1logos y Ajedrez: Entrevista al GM Diego Valerga\" width=\"500\" height=\"281\" src=\"https:\/\/www.youtube.com\/embed\/wak1IHLs1IA?feature=oembed\" frameborder=\"0\" allow=\"accelerometer; autoplay; clipboard-write; encrypted-media; gyroscope; picture-in-picture; web-share\" referrerpolicy=\"strict-origin-when-cross-origin\" allowfullscreen><\/iframe>\n<\/div><figcaption>EPISODIO 3: Entrevista al GM Diego Valerga<\/figcaption><\/figure>\n\n\n\n<figure class=\"wp-block-embed-youtube wp-block-embed is-type-video is-provider-youtube wp-embed-aspect-16-9 wp-has-aspect-ratio\"><div class=\"wp-block-embed__wrapper\">\n<iframe loading=\"lazy\" title=\"Di\u00e1logos y Ajedrez: Entrevista a Gerardo Werthein\" width=\"500\" height=\"281\" src=\"https:\/\/www.youtube.com\/embed\/93YrX7oEjGY?feature=oembed\" frameborder=\"0\" allow=\"accelerometer; autoplay; clipboard-write; encrypted-media; gyroscope; picture-in-picture; web-share\" referrerpolicy=\"strict-origin-when-cross-origin\" allowfullscreen><\/iframe>\n<\/div><figcaption>EPISODIO 4: Entrevista a Gerardo Werthein<\/figcaption><\/figure>\n\n\n\n<figure class=\"wp-block-embed-youtube wp-block-embed is-type-video is-provider-youtube wp-embed-aspect-16-9 wp-has-aspect-ratio\"><div class=\"wp-block-embed__wrapper\">\n<iframe loading=\"lazy\" title=\"DI\u00c1LOGOS Y AJEDREZ: Entrevista al MI Tomas Sosa\" width=\"500\" height=\"281\" src=\"https:\/\/www.youtube.com\/embed\/HMd6gIWaAV0?feature=oembed\" frameborder=\"0\" allow=\"accelerometer; autoplay; clipboard-write; encrypted-media; gyroscope; picture-in-picture; web-share\" referrerpolicy=\"strict-origin-when-cross-origin\" allowfullscreen><\/iframe>\n<\/div><figcaption>EPISODIO 5: Entrevista al MI Tomas Sosa.<\/figcaption><\/figure>\n\n\n\n<figure class=\"wp-block-embed-youtube wp-block-embed is-type-video is-provider-youtube wp-embed-aspect-16-9 wp-has-aspect-ratio\"><div class=\"wp-block-embed__wrapper\">\n<iframe loading=\"lazy\" title=\"Di\u00e1logos y Ajedrez: Entrevista al AI Ra\u00fal Bittel por el AI OI Leandro Plotinsky\" width=\"500\" height=\"281\" src=\"https:\/\/www.youtube.com\/embed\/Kq9PjMBg9Ik?feature=oembed\" frameborder=\"0\" allow=\"accelerometer; autoplay; clipboard-write; encrypted-media; gyroscope; picture-in-picture; web-share\" referrerpolicy=\"strict-origin-when-cross-origin\" allowfullscreen><\/iframe>\n<\/div><figcaption>EPISODIO 6: Entrevista al AI Rs\u00fal Gerardo Bittel<\/figcaption><\/figure>\n\n\n\n<figure class=\"wp-block-embed-youtube wp-block-embed is-type-video is-provider-youtube wp-embed-aspect-16-9 wp-has-aspect-ratio\"><div class=\"wp-block-embed__wrapper\">\n<iframe loading=\"lazy\" title=\"DI\u00c1LOGOS Y AJEDREZ: Entrevista a Leilen Perez Diez (FEDUA)\" width=\"500\" height=\"281\" src=\"https:\/\/www.youtube.com\/embed\/CKEwX3hlkIc?feature=oembed\" frameborder=\"0\" allow=\"accelerometer; autoplay; clipboard-write; encrypted-media; gyroscope; picture-in-picture; web-share\" referrerpolicy=\"strict-origin-when-cross-origin\" allowfullscreen><\/iframe>\n<\/div><figcaption>EPISODIO 7: Entrevista a la Prof. Leilen Perez Diez<\/figcaption><\/figure>\n\n\n\n<figure class=\"wp-block-embed-youtube wp-block-embed is-type-video is-provider-youtube wp-embed-aspect-16-9 wp-has-aspect-ratio\"><div class=\"wp-block-embed__wrapper\">\n<iframe loading=\"lazy\" title=\"DI\u00c1LOGOS Y AJEDREZ: Entrevista al Prof. Erni Vogel\" width=\"500\" height=\"281\" src=\"https:\/\/www.youtube.com\/embed\/Yw55k9uT2qs?feature=oembed\" frameborder=\"0\" allow=\"accelerometer; autoplay; clipboard-write; encrypted-media; gyroscope; picture-in-picture; web-share\" referrerpolicy=\"strict-origin-when-cross-origin\" allowfullscreen><\/iframe>\n<\/div><figcaption>EPISODIO 8: Entrevista al Prof. Erni Vogel<\/figcaption><\/figure>\n","protected":false},"excerpt":{"rendered":"<p>Di\u00e1logos y Ajedrez es un ciclo de entrevistas online a destacadas personalidades del deporte, la cultura y la educaci\u00f3n de nuestros pa\u00eds. Entre&hellip;<\/p>\n","protected":false},"author":1,"featured_media":0,"parent":0,"menu_order":0,"comment_status":"closed","ping_status":"closed","template":"","meta":{"footnotes":""},"class_list":["post-2130","page","type-page","status-publish","hentry"],"_links":{"self":[{"href":"https:\/\/federacionargentinadeajedrez.org\/index.php?rest_route=\/wp\/v2\/pages\/2130","targetHints":{"allow":["GET"]}}],"collection":[{"href":"https:\/\/federacionargentinadeajedrez.org\/index.php?rest_route=\/wp\/v2\/pages"}],"about":[{"href":"https:\/\/federacionargentinadeajedrez.org\/index.php?rest_route=\/wp\/v2\/types\/page"}],"author":[{"embeddable":true,"href":"https:\/\/federacionargentinadeajedrez.org\/index.php?rest_route=\/wp\/v2\/users\/1"}],"replies":[{"embeddable":true,"href":"https:\/\/federacionargentinadeajedrez.org\/index.php?rest_route=%2Fwp%2Fv2%2Fcomments&post=2130"}],"version-history":[{"count":3,"href":"https:\/\/federacionargentinadeajedrez.org\/index.php?rest_route=\/wp\/v2\/pages\/2130\/revisions"}],"predecessor-version":[{"id":2407,"href":"https:\/\/federacionargentinadeajedrez.org\/index.php?rest_route=\/wp\/v2\/pages\/2130\/revisions\/2407"}],"wp:attachment":[{"href":"https:\/\/federacionargentinadeajedrez.org\/index.php?rest_route=%2Fwp%2Fv2%2Fmedia&parent=2130"}],"curies":[{"name":"wp","href":"https:\/\/api.w.org\/{rel}","templated":true}]}}