{"id":2972,"date":"2021-04-23T19:24:00","date_gmt":"2021-04-23T19:24:00","guid":{"rendered":"https:\/\/federacionargentinadeajedrez.org\/?page_id=2972"},"modified":"2021-04-23T19:27:23","modified_gmt":"2021-04-23T19:27:23","slug":"codigo-de-conducta-para-delegaciones","status":"publish","type":"page","link":"https:\/\/federacionargentinadeajedrez.org\/?page_id=2972","title":{"rendered":"C\u00f3digo de conducta para delegaciones"},"content":{"rendered":"\n<p>Al inscribirse y\/o participar en un torneo nacional o internacional, organizado por la FADA, o a la cual la FADA participe o adhiera, usted manifiesta conocer y se obliga a respetar las conductas exigidas el presente C\u00f3digos de Conducta para Delegaciones, (en adelante \u201cC\u00f3digo de Conducta\u201d).<\/p>\n\n\n\n<p>El objeto del presente C\u00f3digo de Conducta es reglamentar la conducta de los miembros que forman parte de la\/s delegaci\u00f3n\/es en las competencias nacionales e internacionales organizadas por la FADA,<br>o a la cual participe o adhiera (en adelante el \u201cOrganizador\u201d).<\/p>\n\n\n\n<p>Se entiende por delegaci\u00f3n la formada por: directores, jefes de equipo, asistentes, capitanes, entrenadores y jugadores, (en adelante \u201cDelegaci\u00f3n\u201d). No quedan incluidos, en el C\u00f3digo de Conducta, los padres acompa\u00f1antes de los jugadores, si los hubiera.<\/p>\n\n\n\n<p>Toda violaci\u00f3n al C\u00f3digo de Conducta puede significar para la Delegaci\u00f3n y\/o el miembro que la infrinja, el retiro de su acreditaci\u00f3n, su expulsi\u00f3n del torneo u otra de las sanciones que aqu\u00ed se establecen.<\/p>\n\n\n\n<p><strong>La Delegaciones deben respetar:<\/strong><\/p>\n\n\n\n<p>Nos permitimos destacarle entre otras obligaciones:<\/p>\n\n\n\n<p>El respeto del juego limpio (fair play), de la no violencia y la adecuaci\u00f3n de su conducta a dichos principios.<\/p>\n\n\n\n<p>El respeto fiel y estricto al C\u00f3digo Mundial Antidopaje&nbsp;<\/p>\n\n\n\n<p>El respecto a las normas de juego establecidas por la FIDE, (reglas del ajedrez), o reglas espec\u00edficas dictadas en especial para un evento.<\/p>\n\n\n\n<p>Reglas de comportamiento de los directores, jefes, jugadores, asistentes, entrenadores, capitanes y dem\u00e1s miembros de la Delegaci\u00f3n Argentina.<\/p>\n\n\n\n<p><strong>Cada miembro de la Delegaci\u00f3n se obliga a:<\/strong><\/p>\n\n\n\n<p>Efectuar todos los esfuerzos necesarios para dar lo mejor de si mismo y para que su performance, tanto en t\u00e9rminos de prestaci\u00f3n individual como en el inter\u00e9s colectivo de la Delegaci\u00f3n sean al m\u00e1ximo de sus capacidades y posibilidades.<\/p>\n\n\n\n<p>A seguir las directivas dadas por los responsables de la Organizaci\u00f3n.<\/p>\n\n\n\n<p>A cumplir, durante el torneo, las directivas dadas por el Organizador en materia de colaboraci\u00f3n con los medios de prensa.<\/p>\n\n\n\n<p>A jugar plenamente su papel y su influencia en pos del mejor resultado colectivo de la Delegaci\u00f3n.<\/p>\n\n\n\n<p>A no criticar ni menospreciar a los otros equipos y\/o jugadores, debiendo felicitarlos por sus logros con sinceridad. A respetar las normas de cortes\u00eda y respeto impl\u00edcitas del ajedrez.<\/p>\n\n\n\n<p>A dar prueba, en toda circunstancia, de ser respetuoso del principio de sana convivencia, a ser tolerante, paciente y respetar a los otros como le gustar\u00eda que le respeten a usted.<\/p>\n\n\n\n<p>A representar a Argentina con orgullo y honor.<\/p>\n\n\n\n<p>A permanecer calmo y en actitud positiva, en toda circunstancia, a\u00fan en aquellas que sean malas o a\u00fan cr\u00edticas.<\/p>\n\n\n\n<p>A respetar estrictamente los horarios fijados.<\/p>\n\n\n\n<p>A respetar la concentraci\u00f3n, la tranquilidad, la serenidad, el descanso y el sue\u00f1o de los otros equipos y miembros de la Delegaci\u00f3n.<\/p>\n\n\n\n<p>A respetar y cumplir con las instrucciones que les sean comunicadas por el Organizador.<\/p>\n\n\n\n<p>Cada jugador y miembro de la Delegaci\u00f3n, ser\u00e1 responsable del mobiliario existente en su lugar, quienes deber\u00e1n hacerse cargo econ\u00f3micamente de los extrav\u00edos de los mismos, o roturas deliberadas.<\/p>\n\n\n\n<p><strong>Utilizaci\u00f3n de su imagen<\/strong><\/p>\n\n\n\n<p>Usted da el consentimiento pleno para ser filmado, fotografiado, identificado y grabado por todo tipo de medios audiovisuales u otros bajo las condiciones y finalidades establecidas por el Organizador, material que podr\u00e1 ser utilizados y subidos libremente a las redes sociales por el Organizador. Sin generar esto reclamo o contraprestaci\u00f3n alguna a su favor.<\/p>\n\n\n\n<p>Ninguna forma de publicidad o propaganda, comercial o no, puede ser exhibida en su persona, sus vestimentas, accesorios, o dicho en forma m\u00e1s general sobre cualquier prenda, o equipamiento utilizado por el jugador u miembros de la Delegaci\u00f3n, durante los torneos, salvo expresa autorizaci\u00f3n, previa de FADA, la que deber\u00e1 ser solicitada con 30 d\u00edas de anticipaci\u00f3n.<\/p>\n\n\n\n<p>Tampoco puede utilizarse vestimenta referida a clubes de f\u00fatbol y\/o partidos pol\u00edticos y\/o religiosos. Debe la Delegaci\u00f3n usar la ropa oficial.<\/p>\n\n\n\n<p>S\u00f3lo la marca del fabricante del art\u00edculo, prenda, o equipamiento deportivo, puede aparecer en la ropa o equipamiento deportivo de los jugadores y miembros del equipo, a condici\u00f3n de que dicha identificaci\u00f3n no sea puesta de manera ostensible, lo que indica un claro fin publicitario, salvo aquellas que est\u00e9n indicadas y aprobadas por FADA.<\/p>\n\n\n\n<p><strong>Libertad de expresi\u00f3n y propaganda.<\/strong><\/p>\n\n\n\n<p>La libertad de expresi\u00f3n es un derecho fundamental del hombre. Por ello la FADA respeta su derecho a expresarse a t\u00edtulo personal.<\/p>\n\n\n\n<p>Sin embargo y con el objeto de preservar la \u00e9tica e integridad de todos quienes formamos parte del mundo del ajedrez, no podr\u00e1 efectuarse ninguna clase de demostraci\u00f3n o propaganda pol\u00edtica, religiosa, g\u00e9nero o racial las que no est\u00e1n permitidas, en el lugar de juego (sitios de competencia, sitios de entrenamientos, hotel donde residan los equipos y jugadores, traslados etc.)&nbsp;<\/p>\n\n\n\n<p><strong>\u00bfD\u00f3nde no est\u00e1n permitidas durante los torneos las protestas y manifestaciones?<\/strong><\/p>\n\n\n\n<p>En el sitio de juego<br>En los hoteles y lugares que comparten todos los jugadores o delegaciones (comedor, traslados, lugares de descanso, lugar de juego en el entretiempo, etc.)<br>Durante ceremonias de premiaci\u00f3n<br>Durante las ceremonias de Apertura, Clausura y otras ceremonias oficiales.<\/p>\n\n\n\n<p>Toda otra demostraci\u00f3n, protesta o manifestaci\u00f3n fuera de estos \u00e1mbitos puede ser efectuada por un jugador, jefe, entrenador o integrante de la Delegaci\u00f3n siempre y cuando no viole las leyes del pa\u00eds donde se celebra el torneo, en cuyo caso podr\u00e1 hasta ser arrestado si las normas dicho pa\u00eds as\u00ed lo prescriben.<\/p>\n\n\n\n<p>Con el debido respeto, los atletas podr\u00e1n expresar sus puntos de vista.<\/p>\n\n\n\n<p>Durante las conferencias de prensa y reportajes<br>En las reuniones de equipo.<\/p>\n\n\n\n<p>Por favor tenga en cuenta que expresar puntos de vista es muy diferente de efectuar protestas y manifestaciones que afecten a miembros de la Delegaci\u00f3n e instituciones que la componen.<\/p>\n\n\n\n<p>Aqu\u00ed algunos ejemplos de qu\u00e9 constituye una protesta no permitida, por oposici\u00f3n a expresar un punto de vista<\/p>\n\n\n\n<p>Desplegar mensajes, efectuar se\u00f1as o gestos perfectamente identificables con posiciones religiosas, raciales, g\u00e9nero o pol\u00edticas o utilizar brazaletes con consignas de igual tenor.<br>Efectuar gestos de naturaleza pol\u00edtica, con las manos, brazos o arrodillarse.<br>Rehusarse a seguir las reglas de protocolo que se le indiquen.<\/p>\n\n\n\n<p>Estas reglas no solo aplican a los jugadores sino tambi\u00e9n a los jefes, entrenadores y dem\u00e1s integrantes de la Delegaci\u00f3n.<\/p>\n\n\n\n<p><strong>Uso de la vestimenta por los miembros de la Delegaci\u00f3n para torneos internacionales<\/strong><\/p>\n\n\n\n<p>Tanto el jugador, director, jefe de equipo, entrenador y todo miembro de la Delegaci\u00f3n Argentina est\u00e1 obligado a utilizar en los lugares de juego (sitios oficiales de entrenamiento, sitios de competencias, ceremonias de premiaci\u00f3n, podios, entregas de medallas y premios, lugares de entrevistas, sitios de conferencias de prensa, traslados etc.) y en cualquier otro lugar que le indique el Organizador o alguien a quien \u00e9ste delegue esa funci\u00f3n, las vestimentas, uniformes y equipamiento provisto o puesto a&nbsp; disposici\u00f3n de los integrantes de la delegaci\u00f3n Argentina y a seguir todas las directivas que le den los responsables de la Organizaci\u00f3n, especialmente en cuanto a su utilizaci\u00f3n en actividades, competencias y ceremonias oficiales. Debe usted mantener limpias las prendas para lucirlas con dignidad no olvidando que usted representa a Argentina.<\/p>\n\n\n\n<p>Todos los integrantes de la Delegaci\u00f3n, est\u00e1n en conocimiento que no tienen derecho a utilizarla, ni a cederla, a otras personas que no integren la Delegaci\u00f3n por ning\u00fan motivo y menos a\u00fan para ser exhibida con fines comerciales o promocionales salvo aquellos obtengan una autorizaci\u00f3n escrita del Organizador, para ese uso no previsto en este p\u00e1rrafo.<\/p>\n\n\n\n<p><strong>Dopaje<\/strong><\/p>\n\n\n\n<p>El jugador y los entrenadores y miembros que integran la Delegaci\u00f3n est\u00e1n obligados a conocer y respetar&nbsp; las disposiciones de la Agencia Mundial Antidopaje (World Antidoping Agency) o WADA por sus siglas en ingl\u00e9s as\u00ed como el C\u00f3digo Mundial Antidopaje versi\u00f3n 2020 disponible en http:\/\/www.wada-ama.org\/en\/what-we-do\/thecode&nbsp;<\/p>\n\n\n\n<p><strong>Contactos con la prensa<\/strong><\/p>\n\n\n\n<p>El Organizador podr\u00e1 hacer reportajes y\/o tomar material filmogr\u00e1fico y fotogr\u00e1fico de los jugadores durante las partidas, hablar con ellos y hacerles reportajes al antes o despu\u00e9s de las partidas.<\/p>\n\n\n\n<p>Todo otro encuentro entre jugadores y\/o entrenadores con la prensa que no sea organizado por el Organizador, ser\u00e1 bajo la responsabilidad del jugador y de su entrenador. Deben hacerse fuera del lugar de juego y no perturbar a otros jugadores.&nbsp;<\/p>\n\n\n\n<p>En todo contacto de jugador, oficial o entrenador con la prensa, se deber\u00e1 vestir la ropa oficial.<\/p>\n\n\n\n<p><strong>Infracciones al reglamento FIDE y\/o FADA.<\/strong><\/p>\n\n\n\n<p>En caso de infracciones al c\u00f3digo de juego, es el \u00e1rbitro del torneo quien tiene la exclusiva facultad de aplicar sanciones al jugador, en cumplimiento de las reglas de juego impuestas por la FIDE, que todo jugador debe conocer y respetar.<\/p>\n\n\n\n<p><strong>Torneos por internet.<\/strong><\/p>\n\n\n\n<p>En virtud de la nueva realidad y la necesidad de reglamentar la conducta de los jugadores en los torneos que se hacen a distancia se establece lo siguiente:<\/p>\n\n\n\n<p>Los jugadores deben enfocarse todo el tiempo con una c\u00e1mara que permita ver su cara.<br>los jugadores no pueden bajo ninguna circunstancia ayudarse con un programa externo (modulo) que le ayude en la partida.<br>Los jugadores deben estar solos, no se permite ayuda de terceros.<br>Si el jugador pierde la conexi\u00f3n a internet y se queda sin tiempo pierde la partida, o se vuelve a jugar, si el rival acepta hacer la partida.<br>Los jugadores no pueden chatear cosas ofensivas o lesivas a otros jugadores o el Organizador.<\/p>\n\n\n\n<p><strong>Penas:<\/strong><br>En virtud de la gravedad de la conducta y la reiteraci\u00f3n o no de la misma, el jugador o cualquier otro miembro de la Delegaci\u00f3n ser\u00e1 reprimido con:<br>Apercibimiento.<br>Expulsi\u00f3n del torneo.<br>Inhabilitaci\u00f3n para participar en torneos posteriores por el t\u00e9rmino de seis meses.<br>Expulsi\u00f3n de la FADA de manera definitiva.<\/p>\n\n\n\n<p><strong>Procedimiento de infracciones al C\u00f3digo de Conducta:<\/strong><br>De producirse una infracci\u00f3n al C\u00f3digo de Conducta, del jugador de alg\u00fan miembro de la Organizaci\u00f3n, se lo har\u00e1 saber al jugador y al jefe de la Delegaci\u00f3n, por escrito, en dos copias, una para el jugador y otra para la Organizaci\u00f3n, el jugador deber\u00e1 firmar la copia del Organizador.<br>El jugador tendr\u00e1 10 d\u00edas corridos a partir de la finalizaci\u00f3n del torneo para efectuar un descargo en la FADA ante la Comisi\u00f3n de \u00c9tica y Reglamento, de todo lo actuado se informar\u00e1 a la instituci\u00f3n a la que el imputado pertenece, quien tambi\u00e9n tendr\u00e1 derecho a presentarse en la entrevista.<br>Producido el descargo, dentro de los 10 d\u00edas se proceder\u00e1 a tener una entrevista del jugador o miembro de la Delegaci\u00f3n que haya sido sancionado con el juzgado de enjuiciamiento, el infractor ser\u00e1 escuchado, ofrecer\u00e1 toda la prueba de que intente valerse, hay libertad de prueba (m\u00e1ximo dos testigos), el jurado recibir\u00e1 toda la prueba y podr\u00e1 hacer las preguntas que estime correspondan.<\/p>\n\n\n\n<p>Dentro de los 5 d\u00edas posteriores a la audiencia, se dictar\u00e1 la resoluci\u00f3n, la que puede ser apelada por el infractor ante el Comit\u00e9 de Apelaci\u00f3n.<\/p>\n\n\n\n<p><strong>Procedimiento en la Comisi\u00f3n de Apelaci\u00f3n:<\/strong><br>Recibido el expediente, con toda la prueba, en la comisi\u00f3n de apelaci\u00f3n, dictar\u00e1 sentencia dentro de los 10 d\u00edas. La comisi\u00f3n podr\u00e1 a su exclusivo criterio, solicitar una nueva audiencia y\/o ampliaci\u00f3n de prueba de creerlo necesario.<\/p>\n\n\n\n<p><strong>Conformidad y compromiso a respetar el C\u00f3digo de Conducta<\/strong><br>Cada miembro de la Delegaci\u00f3n manifiesta haber le\u00eddo y entendido el presente C\u00f3digo de Conducta, aceptando cumplirlo acabadamente, sabiendo que su inconducta puede traer las sanciones aqu\u00ed establecidas.<\/p>\n\n\n\n<p>Firma en conformidad:<\/p>\n\n\n\n<p>NOMBRE\u2026\u2026\u2026\u2026\u2026\u2026\u2026\u2026\u2026\u2026\u2026<br>DNI\u2026\u2026\u2026\u2026\u2026\u2026\u2026\u2026\u2026\u2026\u2026\u2026\u2026<br>FIRMA\u2026\u2026\u2026\u2026\u2026\u2026\u2026\u2026\u2026\u2026\u2026..<br>SI ES MENOR PADRE O TUTOR \u2026\u2026\u2026\u2026\u2026\u2026\u2026\u2026\u2026\u2026\u2026\u2026<\/p>\n\n\n\n<p>JUNTA DIRECTIVA<\/p>\n","protected":false},"excerpt":{"rendered":"<p>Al inscribirse y\/o participar en un torneo nacional o internacional, organizado por la FADA, o a la cual la FADA participe o adhiera,&hellip;<\/p>\n","protected":false},"author":1,"featured_media":0,"parent":0,"menu_order":0,"comment_status":"closed","ping_status":"closed","template":"","meta":{"footnotes":""},"class_list":["post-2972","page","type-page","status-publish","hentry"],"_links":{"self":[{"href":"https:\/\/federacionargentinadeajedrez.org\/index.php?rest_route=\/wp\/v2\/pages\/2972","targetHints":{"allow":["GET"]}}],"collection":[{"href":"https:\/\/federacionargentinadeajedrez.org\/index.php?rest_route=\/wp\/v2\/pages"}],"about":[{"href":"https:\/\/federacionargentinadeajedrez.org\/index.php?rest_route=\/wp\/v2\/types\/page"}],"author":[{"embeddable":true,"href":"https:\/\/federacionargentinadeajedrez.org\/index.php?rest_route=\/wp\/v2\/users\/1"}],"replies":[{"embeddable":true,"href":"https:\/\/federacionargentinadeajedrez.org\/index.php?rest_route=%2Fwp%2Fv2%2Fcomments&post=2972"}],"version-history":[{"count":2,"href":"https:\/\/federacionargentinadeajedrez.org\/index.php?rest_route=\/wp\/v2\/pages\/2972\/revisions"}],"predecessor-version":[{"id":2977,"href":"https:\/\/federacionargentinadeajedrez.org\/index.php?rest_route=\/wp\/v2\/pages\/2972\/revisions\/2977"}],"wp:attachment":[{"href":"https:\/\/federacionargentinadeajedrez.org\/index.php?rest_route=%2Fwp%2Fv2%2Fmedia&parent=2972"}],"curies":[{"name":"wp","href":"https:\/\/api.w.org\/{rel}","templated":true}]}}