{"id":6748,"date":"2023-10-28T20:32:35","date_gmt":"2023-10-28T20:32:35","guid":{"rendered":"https:\/\/federacionargentinadeajedrez.org\/?page_id=6748"},"modified":"2023-11-02T19:35:58","modified_gmt":"2023-11-02T19:35:58","slug":"reglamento","status":"publish","type":"page","link":"https:\/\/federacionargentinadeajedrez.org\/?page_id=6748","title":{"rendered":"Reglamento"},"content":{"rendered":"\n<p><strong>98\u00b0 FINAL CAMPEONATO<\/strong>&nbsp;<strong>ARGENTINO SUPERIOR ABSOLUTO<\/strong><br>Del 28 de Octubre al 7 de Noviembre de 2023<br><br><strong>REGLAMENTO<\/strong><br>1. Torneo Round Robin&nbsp;de 12 jugadores.<br>2. Lugar de Juego: Palacio de las Aguas Corrientes<br>3. Ritmo de Juego: 90 minutos para 40 jugadas m\u00e1s 30 minutos finish con incremento de 30 segundos desde la primera jugada.<br>4. Regla de Sofia: Rige para los jugadores la restricci\u00f3n de ofrecer o aceptar tablas&nbsp; antes de la jugada n\u00famero 30 de las&nbsp; piezas negras.&nbsp;<\/p>\n\n\n\n<p>Cualquier situaci\u00f3n de tablas antes del movimiento 30, deber\u00e1 ser bajo consentimiento del \u00e1rbitro.<\/p>\n\n\n\n<p>5. Participan:<\/p>\n\n\n\n<p><strong>Jugadores confirmados &nbsp;<\/strong><br>GM Fernando Peralta 2580<br>GM Leandro Krysa 2546<br>GM Federico Perez Ponsa 2527<br>GM Leonardo Tristan 2523<br>MI Pablo Acosta 2482<br>GM Diego Valerga 2428<br>MI Julian Villca 2383<br>WGM Candela Francisco 2345<br>MF Rafael Miranda 2343<br>MF David Gomez 2331<br>MF Ariel Tokman 2306<br>Luca Silva 2287<\/p>\n\n\n\n<p>6. Sorteo: El sorteo se realizara en fecha a confirmar<\/p>\n\n\n\n<p>7. &nbsp;Calendario de Juego: Inauguraci\u00f3n: S\u00e1bado 28 de Octubre 16:00 hs.<\/p>\n\n\n\n<p>Ronda 1\u00aa: S\u00e1bado 28 de Octubre 16:30 hs.<br>Ronda 2\u00aa: Domingo 29 de Octubre 16:30 hs.<br>Ronda 3 \u00aa: Lunes 30 de Octubre 16:30 hs.<br>Ronda 4\u00aa: Martes 31 de Octubre 16:30 hs<br>Ronda 5\u00aa:&nbsp;Mi\u00e9rcoles 1 de Noviembre 16:30 hs.<br>Ronda 6\u00aa: Jueves 2 de Noviembre 16:30 hs.<br>Ronda 7\u00aa: Viernes 3 de Noviembre 16:30 hs.<br>Ronda 8\u00aa:&nbsp;S\u00e1bado 4 de Noviembre 16:30 hs.<br>Ronda 9\u00aa:&nbsp;Domingo 5 de Noviembre 16:30 hs.<br>Ronda 10\u00aa:&nbsp;Lunes 6 de Noviembre 16:30 hs.<br>Ronda 11\u00aa: Viernes 7&nbsp; de Noviembre 10:00 hs.<\/p>\n\n\n\n<p>8. Sistemas de Desempates<br>Resultado individual&nbsp;<br>Mayor Cantidad de victorias<br>Sonnenborn Berger<br>Sistema Koya<br>Sorteo.<\/p>\n\n\n\n<p>8.Escala de Premios<\/p>\n\n\n\n<p>1\u00aa 400.000<br>2\u00aa 270.000<br>3\u00aa 200.000<br>4\u00aa 150.000<br>5\u00aa 100.000<br>6\u00aa 80.000<br>7\u00aa 70.000<br>8\u00aa 60.000<br>9\u00aa 50.000<br>10\u00aa 40.000<br>11\u00aa 40.000<br>12\u00aa 40.000<\/p>\n\n\n\n<p>Los premios en efectivo se entregaran de acuerdo a estos sistemas de desempate.<\/p>\n\n\n\n<p>9.&nbsp;En caso de empate en el primer puesto y solo a los efectos de definir el Campe\u00f3n Argentino 2023, se definir\u00e1 de la siguiente manera:&nbsp; &nbsp;a)Empate entre dos (2) jugadores: dos (2) partidas a 15 minutos por jugador, con un adicional de 10 segundos desde la movida uno, en caso de mantenerse el empate se jugar\u00e1n otras dos (2) partidas a cinco (5) minutos con adicional de 3 segundos para cada jugada, si el empate persiste, se jugar\u00e1 una partida donde el blanco jugar\u00e1 con cinco (5) minutos y el negro con 3 min.con 30 seg., con adicional de 2 segundos para cada jugada, se sortea el color para el Armaged\u00f3n,&nbsp; en caso de empate ganar\u00e1 el jugador que conduce las piezas negras.<\/p>\n\n\n\n<p>b) Empate entre 3 o m\u00e1s jugadores: Round Rob\u00edn a 15 minutos por jugador, m\u00e1s 10 segundos por jugada desde el inicio, en caso de empate se aplicar\u00e1 el desempate del Torneo.<\/p>\n\n\n\n<p>10.&nbsp;La tolerancia de espera al inicio de la partida ser\u00e1 de 60 minutos de la hora se\u00f1alada en el Cronograma de juego para la ronda.<\/p>\n\n\n\n<p>11. Est\u00e1 prohibido el uso de tel\u00e9fonos celulares. No est\u00e1 permitido la portaci\u00f3n de los mismos (podr\u00e1n dejarlos en la mesa de \u00e1rbitros antes del comienzo de la ronda).<\/p>\n\n\n\n<p>12. La entrega de premios se realizar\u00e1 al finalizar el Torneo, incluyendo las partidas de desempate, si las hubiera.<\/p>\n\n\n\n<p>13. Autoridades del Torneo<br>COMITE DE HONOR: Presidente de la Federaci\u00f3n Argentina de Ajedrez: Ing. Mario Petrucci<br>DIRECTOR: Alejandro Sass<br>ARBITRO PRINCIPAL: AI OI Leandro Plotinsky<br>ARBITROS ADJUNTOS: AF Luciano Godoy y AN Giuliana Bosco<br><br>M\u00e1s informaci\u00f3n:&nbsp;<a href=\"https:\/\/chess-results.com\/tnr826891.aspx?lan=2\">https:\/\/chess-results.com\/tnr826891.aspx?lan=2<\/a><br>Las partidas se transmitir\u00e1n en vivo a trav\u00e9s de las principales plataformas de ajedrez del mundo<\/p>\n","protected":false},"excerpt":{"rendered":"<p>98\u00b0 FINAL CAMPEONATO&nbsp;ARGENTINO SUPERIOR ABSOLUTODel 28 de Octubre al 7 de Noviembre de 2023 REGLAMENTO1. Torneo Round Robin&nbsp;de 12 jugadores.2. Lugar de Juego:&hellip;<\/p>\n","protected":false},"author":1,"featured_media":0,"parent":0,"menu_order":0,"comment_status":"closed","ping_status":"closed","template":"","meta":{"footnotes":""},"class_list":["post-6748","page","type-page","status-publish","hentry"],"_links":{"self":[{"href":"https:\/\/federacionargentinadeajedrez.org\/index.php?rest_route=\/wp\/v2\/pages\/6748","targetHints":{"allow":["GET"]}}],"collection":[{"href":"https:\/\/federacionargentinadeajedrez.org\/index.php?rest_route=\/wp\/v2\/pages"}],"about":[{"href":"https:\/\/federacionargentinadeajedrez.org\/index.php?rest_route=\/wp\/v2\/types\/page"}],"author":[{"embeddable":true,"href":"https:\/\/federacionargentinadeajedrez.org\/index.php?rest_route=\/wp\/v2\/users\/1"}],"replies":[{"embeddable":true,"href":"https:\/\/federacionargentinadeajedrez.org\/index.php?rest_route=%2Fwp%2Fv2%2Fcomments&post=6748"}],"version-history":[{"count":2,"href":"https:\/\/federacionargentinadeajedrez.org\/index.php?rest_route=\/wp\/v2\/pages\/6748\/revisions"}],"predecessor-version":[{"id":6836,"href":"https:\/\/federacionargentinadeajedrez.org\/index.php?rest_route=\/wp\/v2\/pages\/6748\/revisions\/6836"}],"wp:attachment":[{"href":"https:\/\/federacionargentinadeajedrez.org\/index.php?rest_route=%2Fwp%2Fv2%2Fmedia&parent=6748"}],"curies":[{"name":"wp","href":"https:\/\/api.w.org\/{rel}","templated":true}]}}