{"id":8429,"date":"2025-06-09T17:40:12","date_gmt":"2025-06-09T17:40:12","guid":{"rendered":"https:\/\/federacionargentinadeajedrez.org\/?page_id=8429"},"modified":"2026-01-05T15:08:36","modified_gmt":"2026-01-05T15:08:36","slug":"https-federacionargentinadeajedrez-org-page_id8427","status":"publish","type":"page","link":"https:\/\/federacionargentinadeajedrez.org\/?page_id=8429","title":{"rendered":"REGLAMENTO SEMIFINALES"},"content":{"rendered":"<figure class=\"wp-block-image\"><img decoding=\"async\" src=\"https:\/\/lh7-rt.googleusercontent.com\/docsz\/AD_4nXeRPtkijG9Hon0TwgL1liEK2UDBGr0CCO5_cvBSYT6kD0M3szae1zTwjsxJpBPJIP8D9dl3BDcHDpctOYxKtRXU0k2Q8Ah49-XRqvYctkWuIkMgMPAQoVIkNdMT2eijMu8oshFKg-lET87Fnlbh_5Y?key=m6-KsSNJxuVN_Tcs6m01ImWQ\" alt=\"\" \/><\/figure>\n<p class=\"has-large-font-size\"><strong>FINALES CAMPEONATO ARGENTINO AMATEUR<\/strong><\/p>\n<p class=\"has-x-large-font-size\"><b>NOVIEMBRE 2026<\/b><\/p>\n<p>Categor\u00edas Sub2300\/Sub2000\/Sub1700<\/p>\n<p>Podr\u00e1n disputarla todos los jugadores que posean un rating menor a la categor\u00eda deseada y pertenezcan a una entidad afiliada a FADA.<\/p>\n<p>Las Finales se disputar\u00e1n en Noviembre<\/p>\n<p class=\"has-medium-font-size\">REGLAMENTOS<\/p>\n<p>CAMPEONATO ARGENTINO AMATEUR SUB-1700 Y No Rankeado<\/p>\n<p>CAMPEONATO ARGENTINO AMATEUR SUB-2000<\/p>\n<p>CAMPEONATO ARGENTINO AMATEUR SUB-2300<\/p>\n<p class=\"has-medium-font-size\">SEDE DE LOS TORNEOS SEMIFINALES:<\/p>\n<p>Se abrir\u00e1 la inscripci\u00f3n para que las instituciones afiliadas a la Federaci\u00f3n Argentina de Ajedrez, que as\u00ed lo deseen se postulen para organizar las SEMIFINALES.<\/p>\n<p>La idea es completar estas etapas antes de principio de noviembre.<\/p>\n<p>Para solicitar ser sede de la Semifinal del Campeonato Argentino Amateur 2026 se deber\u00e1 enviar un mail a campeonatosargentinosamateur@gmail.com y eloytitulosfada@gmail.com Adem\u00e1s del correspondiente pedido de registro de torneo.<\/p>\n<p>ORGANIZACION: Las instituciones que se postulen y sean designadas tendr\u00e1n a su cargo la cobranza de las inscripciones, el arbitraje y env\u00edo del informe y pago a FADA torneo v\u00eda E-mail.<\/p>\n<p>El arbitraje deber\u00e1 estar a cargo de un \u00e1rbitro oficial de la Federaci\u00f3n Argentina de Ajedrez.<\/p>\n<p>Cada entidad afiliada no podr\u00e1 realizar m\u00e1s de una semifinal sin autorizaci\u00f3n previa por parte de la organizaci\u00f3n de las Finales Argentinas de Ajedrez Amateur.<\/p>\n<p>Toda entidad podr\u00e1 ser sede de una semifinal, los requisitos para aplicar son los siguientes:<\/p>\n<p>En el nombre del torneo deber\u00e1 figurar Semifinales Campeonato Argentino Amateur 2026 (Excepci\u00f3n previa autorizaci\u00f3n).<\/p>\n<p>En las invitaciones, adem\u00e1s del logo de FADA, deber\u00e1 figurar el logo de la Semifinal del Campeonato Argentino Amateur.<\/p>\n<p>Para solicitar ser sede de la Semifinal del Campeonato Argentino Amateur 2026 se deber\u00e1 enviar un mail a campeonatosargentinosamateur@gmail.com y eloytitulosfada@gmail.com Adem\u00e1s del correspondiente pedido de registro de torneo.<\/p>\n<p>La misma federaci\u00f3n regional\/provincial no podr\u00e1 ser sede de dos semifinales de la misma categor\u00eda sobre las mismas fechas.<\/p>\n<p>Los torneos deber\u00e1n ser de ritmo est\u00e1ndar (Salvo autorizaci\u00f3n previa).<\/p>\n<p>CALENDARIO : Una vez recepcionados los pedidos de sede de las afiliadas, en caso de ser aprobados, se publicar\u00e1n inmediatamente en el calendario de torneos homologados. <a href=\"https:\/\/federacionargentinadeajedrez.org\/?page_id=8421\">https:\/\/federacionargentinadeajedrez.org\/?page_id=8421<\/a><\/p>\n<p>RECURSOS:\u202f Cada organizador deber\u00e1 contar con los elementos necesarios (juegos, relojes, planillas, etc.) para el desarrollo de los torneos.<\/p>\n<p>COMPUTO AL ELO FIDE: Todo torneo clasificatorio tendr\u00e1 que ser computado al ELO FIDE a trav\u00e9s de la Federaci\u00f3n Argentina de Ajedrez y todos los jugadores tendr\u00e1n que tener pago el Arancel Anual de FADA 2026. Adem\u00e1s, cada torneo deber\u00e1 ser de ritmo Est\u00e1ndar, es decir, los torneos de ritmo r\u00e1pido o blitz no ser\u00e1n homologados. (Salvo excepciones de la Federaci\u00f3n Argentina de Ajedrez). &#8211;<\/p>\n<p>CLASIFICACION:<\/p>\n<p>Los jugadores que hayan participado de, al menos, una semifinal, podr\u00e1n ser considerados como jugadores oficiales.<\/p>\n<p>\u2022 Aquellos jugadores que hayan participado de al menos dos semifinales (Sin haberse retirado de ninguno de los torneos) obtendr\u00e1n un beneficio del 5% off sobre la inscripci\u00f3n de la final.<br \/>\n\u2022 Aquellos jugadores que hayan participado al menos de tres semifinales (Sin haberse retirado de ninguno de los torneos) obtendr\u00e1n un beneficio del 10% off sobre la inscripci\u00f3n de la final.<br \/>\n\u2022 Aquellos jugadores que hayan participado al menos de cuatro semifinales (Sin haberse retirado de ninguno de los torneos) obtendr\u00e1n un beneficio del 15% off sobre la inscripci\u00f3n de la final.<br \/>\n\u2022 Aquellos jugadores que hayan participado al menos de cinco semifinales o m\u00e1s (Sin haberse retirado de ninguno de los torneos) obtendr\u00e1n un beneficio del 20% off sobre la inscripci\u00f3n de la final.<\/p>\n<p>\u2022 Aquellos jugadores que hayan salido primero en una semifinal (No la categor\u00eda, primero del torneo completo) obtendr\u00e1n un beneficio del 25% off sobre la inscripci\u00f3n de la final (No acumulable con otros beneficios).<\/p>\n<p>Aquellos jugadores que no hayan participado de ning\u00fan evento llamado semifinal ser\u00e1n considerados como jugadores extraoficiales y deber\u00e1n pagar una multa para poder participar de la final que puede ser del 50% del valor de la inscripci\u00f3n.<\/p>\n<p>La Federaci\u00f3n Argentina de Ajedrez y la organizaci\u00f3n del Campeonato Argentino de Ajedrez Amateur se reservan el derecho de otorgar invitaciones a distintos jugadores evaluando la posibilidad que tuvieron de participar en semifinales zonales.<\/p>\n<p>Los jugadores que posean un t\u00edtulo superior a MF, no podr\u00e1n participar en ninguna de las categor\u00edas m\u00e1s all\u00e1 del ranking ELO que posean.<\/p>\n<p>Los jugadores que posean un t\u00edtulo superior CM, no podr\u00e1n participar de las categor\u00edas sub 2000 y sub 1700, m\u00e1s all\u00e1 del ranking ELO que posean.<\/p>\n<p>Para participar de la final nacional ning\u00fan jugador debe haber superado el l\u00edmite de ELO de la categor\u00eda a participar en los \u00faltimos 12 meses respecto de la fecha de inicio del torneo.<\/p>\n<p>DERECHOS: Cada CAMPE\u00d3N ARGENTINO representar\u00e1 a la FADA en los torneos que la FIDE organice para el ciclo mundial 2027.<\/p>\n","protected":false},"excerpt":{"rendered":"<p>FINALES CAMPEONATO ARGENTINO AMATEUR NOVIEMBRE 2026 Categor\u00edas Sub2300\/Sub2000\/Sub1700 Podr\u00e1n disputarla todos los jugadores que posean un rating menor a la categor\u00eda deseada y&hellip;<\/p>\n","protected":false},"author":1,"featured_media":0,"parent":0,"menu_order":0,"comment_status":"closed","ping_status":"closed","template":"","meta":{"footnotes":""},"class_list":["post-8429","page","type-page","status-publish","hentry"],"_links":{"self":[{"href":"https:\/\/federacionargentinadeajedrez.org\/index.php?rest_route=\/wp\/v2\/pages\/8429","targetHints":{"allow":["GET"]}}],"collection":[{"href":"https:\/\/federacionargentinadeajedrez.org\/index.php?rest_route=\/wp\/v2\/pages"}],"about":[{"href":"https:\/\/federacionargentinadeajedrez.org\/index.php?rest_route=\/wp\/v2\/types\/page"}],"author":[{"embeddable":true,"href":"https:\/\/federacionargentinadeajedrez.org\/index.php?rest_route=\/wp\/v2\/users\/1"}],"replies":[{"embeddable":true,"href":"https:\/\/federacionargentinadeajedrez.org\/index.php?rest_route=%2Fwp%2Fv2%2Fcomments&post=8429"}],"version-history":[{"count":9,"href":"https:\/\/federacionargentinadeajedrez.org\/index.php?rest_route=\/wp\/v2\/pages\/8429\/revisions"}],"predecessor-version":[{"id":9158,"href":"https:\/\/federacionargentinadeajedrez.org\/index.php?rest_route=\/wp\/v2\/pages\/8429\/revisions\/9158"}],"wp:attachment":[{"href":"https:\/\/federacionargentinadeajedrez.org\/index.php?rest_route=%2Fwp%2Fv2%2Fmedia&parent=8429"}],"curies":[{"name":"wp","href":"https:\/\/api.w.org\/{rel}","templated":true}]}}