{"id":8827,"date":"2025-10-14T12:33:27","date_gmt":"2025-10-14T12:33:27","guid":{"rendered":"https:\/\/federacionargentinadeajedrez.org\/?page_id=8827"},"modified":"2026-02-15T15:47:43","modified_gmt":"2026-02-15T15:47:43","slug":"ii-curso-17-de-octubre-al-7-de-noviembre","status":"publish","type":"page","link":"https:\/\/federacionargentinadeajedrez.org\/?page_id=8827","title":{"rendered":"II Curso 17 de Octubre al  7 de Noviembre (COMPLETO)"},"content":{"rendered":"\r\n<p><img loading=\"lazy\" decoding=\"async\" class=\"alignnone size-full wp-image-8887\" src=\"https:\/\/federacionargentinadeajedrez.org\/wp-content\/uploads\/2025\/10\/curso-II.png\" alt=\"\" width=\"1417\" height=\"806\" srcset=\"https:\/\/federacionargentinadeajedrez.org\/wp-content\/uploads\/2025\/10\/curso-II.png 1417w, https:\/\/federacionargentinadeajedrez.org\/wp-content\/uploads\/2025\/10\/curso-II-300x171.png 300w, https:\/\/federacionargentinadeajedrez.org\/wp-content\/uploads\/2025\/10\/curso-II-1024x582.png 1024w, https:\/\/federacionargentinadeajedrez.org\/wp-content\/uploads\/2025\/10\/curso-II-768x437.png 768w\" sizes=\"auto, (max-width: 1417px) 100vw, 1417px\" \/><\/p>\r\n<p>&nbsp;<\/p>\r\n<table dir=\"ltr\" border=\"1\" cellspacing=\"0\" cellpadding=\"0\" data-sheets-root=\"1\" data-sheets-baot=\"1\"><colgroup><col width=\"40\" \/><col width=\"225\" \/><col width=\"303\" \/><col width=\"110\" \/><\/colgroup>\r\n<tbody>\r\n<tr>\r\n<td>Num<\/td>\r\n<td>Apellido y Nombre<\/td>\r\n<td>Ciudad y Provincia<\/td>\r\n<td>Estado<\/td>\r\n<\/tr>\r\n<tr>\r\n<td>1<\/td>\r\n<td>Alderete Jorge Ariel<\/td>\r\n<td>Las Talitas &#8211; Tucuman<\/td>\r\n<td>APROBADO<\/td>\r\n<\/tr>\r\n<tr>\r\n<td>2<\/td>\r\n<td>Artaza Cristina Leonor<\/td>\r\n<td>San Pedro Jujuy<\/td>\r\n<td>APROBADO<\/td>\r\n<\/tr>\r\n<tr>\r\n<td>3<\/td>\r\n<td>Balladares Luis Alberto<\/td>\r\n<td>Trelew Chubut<\/td>\r\n<td>APROBADO<\/td>\r\n<\/tr>\r\n<tr>\r\n<td>4<\/td>\r\n<td>Barloa Enzo<\/td>\r\n<td>San Luis Capital<\/td>\r\n<td>APROBADO<\/td>\r\n<\/tr>\r\n<tr>\r\n<td>5<\/td>\r\n<td>Besso Guadalupe<\/td>\r\n<td>San Luis- La Punta<\/td>\r\n<td>APROBADO<\/td>\r\n<\/tr>\r\n<tr>\r\n<td>6<\/td>\r\n<td>Besso Javier Alejandro<\/td>\r\n<td>Suyuque Nuevo San Luis<\/td>\r\n<td>APROBADO<\/td>\r\n<\/tr>\r\n<tr>\r\n<td>7<\/td>\r\n<td>Bogado Jorge Domingo<\/td>\r\n<td>Victoria &#8211; Entre R\u00edos<\/td>\r\n<td>DESAPROBADO<\/td>\r\n<\/tr>\r\n<tr>\r\n<td>8<\/td>\r\n<td>Borget Marcela Patricia<\/td>\r\n<td>C\u00f3rdoba Capital, C\u00f3rdoba<\/td>\r\n<td>APROBADO<\/td>\r\n<\/tr>\r\n<tr>\r\n<td>9<\/td>\r\n<td>Cardozo Angel Fernando<\/td>\r\n<td>Jujuy<\/td>\r\n<td>APROBADO<\/td>\r\n<\/tr>\r\n<tr>\r\n<td>10<\/td>\r\n<td>Carlos Cinco<\/td>\r\n<td>Salta<\/td>\r\n<td>NO ENVI\u00d3<\/td>\r\n<\/tr>\r\n<tr>\r\n<td>11<\/td>\r\n<td>Cisneros Cataldi Hugo Marcelo<\/td>\r\n<td>Jos\u00e9 C Paz Provincia de Buenos Aires<\/td>\r\n<td>APROBADO<\/td>\r\n<\/tr>\r\n<tr>\r\n<td>12<\/td>\r\n<td>Contreras H\u00e9ctor Emiliano<\/td>\r\n<td>San Juan, San Juan<\/td>\r\n<td>APROBADO<\/td>\r\n<\/tr>\r\n<tr>\r\n<td>13<\/td>\r\n<td>Cook Luis Javier<\/td>\r\n<td>Paran\u00e1<\/td>\r\n<td>DESAPROBADO<\/td>\r\n<\/tr>\r\n<tr>\r\n<td>14<\/td>\r\n<td>Corvalan Mario Alberto<\/td>\r\n<td>Villa Angela Chaco<\/td>\r\n<td>APROBADO<\/td>\r\n<\/tr>\r\n<tr>\r\n<td>15<\/td>\r\n<td>Cuellar Andres Alejandro<\/td>\r\n<td>Salta Capital<\/td>\r\n<td>DESAPROBADO<\/td>\r\n<\/tr>\r\n<tr>\r\n<td>16<\/td>\r\n<td>Cuellar Carlos Andr\u00e9s<\/td>\r\n<td>Salta<\/td>\r\n<td>DESAPROBADO<\/td>\r\n<\/tr>\r\n<tr>\r\n<td>17<\/td>\r\n<td>Dom\u00ednguez H\u00e9ctor Gustavo<\/td>\r\n<td>Serrezuela &#8211; Cordoba<\/td>\r\n<td>APROBADO<\/td>\r\n<\/tr>\r\n<tr>\r\n<td>18<\/td>\r\n<td>Edgardo Roberto Su\u00e1rez<\/td>\r\n<td>La Plata<\/td>\r\n<td>NO ENVI\u00d3<\/td>\r\n<\/tr>\r\n<tr>\r\n<td>19<\/td>\r\n<td>Facundo Dominguez<\/td>\r\n<td>Ceres Santa Fe<\/td>\r\n<td>NO ENVI\u00d3<\/td>\r\n<\/tr>\r\n<tr>\r\n<td>20<\/td>\r\n<td>Farias Ernesto Manuel<\/td>\r\n<td>Florencio Varela, Buenos Aires.<\/td>\r\n<td>APROBADO<\/td>\r\n<\/tr>\r\n<tr>\r\n<td>21<\/td>\r\n<td>Fernandez Daniel Mario<\/td>\r\n<td>Pablo Nogues Bs AS<\/td>\r\n<td>APROBADO<\/td>\r\n<\/tr>\r\n<tr>\r\n<td>22<\/td>\r\n<td>Ferrer Marcos Antonio<\/td>\r\n<td>San Miguel de Tucum\u00e1n &#8211; Tucum\u00e1n<\/td>\r\n<td>APROBADO<\/td>\r\n<\/tr>\r\n<tr>\r\n<td>23<\/td>\r\n<td>Figueroa Juan Martin<\/td>\r\n<td>Leon Rouges &#8211; Monteros:- Tucum\u00e1n<\/td>\r\n<td>APROBADO<\/td>\r\n<\/tr>\r\n<tr>\r\n<td>24<\/td>\r\n<td>Franco Campuzano<\/td>\r\n<td>FORMOSA<\/td>\r\n<td>APROBADO<\/td>\r\n<\/tr>\r\n<tr>\r\n<td>25<\/td>\r\n<td>Gamaliel Carrizo<\/td>\r\n<td>Tolhuin, tierra del fuego<\/td>\r\n<td>APROBADO<\/td>\r\n<\/tr>\r\n<tr>\r\n<td>26<\/td>\r\n<td>Godoy Paola<\/td>\r\n<td>Villa Constituci\u00f3n &#8211; Santa Fe<\/td>\r\n<td>APROBADO<\/td>\r\n<\/tr>\r\n<tr>\r\n<td>27<\/td>\r\n<td>GONZ\u00c1LEZ ANTONIO SIXTO<\/td>\r\n<td>POSADAS (MISIONES)<\/td>\r\n<td>APROBADO<\/td>\r\n<\/tr>\r\n<tr>\r\n<td>28<\/td>\r\n<td>Gutierrez Kevin<\/td>\r\n<td>Las Heras, Mendoza<\/td>\r\n<td>DESAPROBADO<\/td>\r\n<\/tr>\r\n<tr>\r\n<td>29<\/td>\r\n<td>Harper Horacio Guillermo<\/td>\r\n<td>Pergamino Buenos Aires<\/td>\r\n<td>APROBADO<\/td>\r\n<\/tr>\r\n<tr>\r\n<td>30<\/td>\r\n<td>Hernandez, Carlos Marcelo<\/td>\r\n<td>Punta Lara &#8211; Ensenada &#8211; Buenos aires<\/td>\r\n<td>DESAPROBADO<\/td>\r\n<\/tr>\r\n<tr>\r\n<td>31<\/td>\r\n<td>Lieby Sebasti\u00e1n Miguel<\/td>\r\n<td>General Alvear, Mendoza<\/td>\r\n<td>APROBADO<\/td>\r\n<\/tr>\r\n<tr>\r\n<td>32<\/td>\r\n<td>M\u00e1rquez Ivette Fiorela<\/td>\r\n<td>Posadas, Misiones<\/td>\r\n<td>APROBADO<\/td>\r\n<\/tr>\r\n<tr>\r\n<td>33<\/td>\r\n<td>M\u00e9ndez, Pablo Amadeo<\/td>\r\n<td>Beccar, Buenos Aires<\/td>\r\n<td>NO ENVI\u00d3<\/td>\r\n<\/tr>\r\n<tr>\r\n<td>34<\/td>\r\n<td>ORTIZ EDUARDO RODRIGO<\/td>\r\n<td>Salta<\/td>\r\n<td>NO ENVI\u00d3<\/td>\r\n<\/tr>\r\n<tr>\r\n<td>35<\/td>\r\n<td>Palmisciano Miguel<\/td>\r\n<td>Granadero Baigorria, provincia de Santa Fe<\/td>\r\n<td>APROBADO<\/td>\r\n<\/tr>\r\n<tr>\r\n<td>36<\/td>\r\n<td>Pereyra Emmanuel<\/td>\r\n<td>Buenos Aires<\/td>\r\n<td>DESAPROBADO<\/td>\r\n<\/tr>\r\n<tr>\r\n<td>37<\/td>\r\n<td>P\u00e9rez Alarc\u00f3n Pablo Agust\u00edn<\/td>\r\n<td>Palpala, Jujuy<\/td>\r\n<td>APROBADO<\/td>\r\n<\/tr>\r\n<tr>\r\n<td>38<\/td>\r\n<td>Perez Bogado Alberto<\/td>\r\n<td>El Manatial, Tucum\u00e1n<\/td>\r\n<td>APROBADO<\/td>\r\n<\/tr>\r\n<tr>\r\n<td>39<\/td>\r\n<td>Puopolo Leonardo<\/td>\r\n<td>Buenos Aires<\/td>\r\n<td>APROBADO<\/td>\r\n<\/tr>\r\n<tr>\r\n<td>40<\/td>\r\n<td>Rojas Ana Lucia<\/td>\r\n<td>La banda, Santiago del Estero<\/td>\r\n<td>APROBADO<\/td>\r\n<\/tr>\r\n<tr>\r\n<td>41<\/td>\r\n<td>Saiquita Horacio Gustavo<\/td>\r\n<td>Chos Malal Prov. de Neuqu\u00e9n<\/td>\r\n<td>NO ENVI\u00d3<\/td>\r\n<\/tr>\r\n<tr>\r\n<td>42<\/td>\r\n<td>Saluso Jos\u00e9 Francisco<\/td>\r\n<td>Paran\u00e1 Entre R\u00edos<\/td>\r\n<td>APROBADO<\/td>\r\n<\/tr>\r\n<tr>\r\n<td>43<\/td>\r\n<td>Santianes Nahuel<\/td>\r\n<td>Villa Constituci\u00f3n &#8211; Santa Fe<\/td>\r\n<td>APROBADO<\/td>\r\n<\/tr>\r\n<tr>\r\n<td>44<\/td>\r\n<td>Santiso Daniel<\/td>\r\n<td>Arrecifes Bs. As.<\/td>\r\n<td>APROBADO<\/td>\r\n<\/tr>\r\n<tr>\r\n<td>45<\/td>\r\n<td>Segre Ignacio Miguel<\/td>\r\n<td>Luj\u00e1n, San Luis.<\/td>\r\n<td>APROBADO<\/td>\r\n<\/tr>\r\n<tr>\r\n<td>46<\/td>\r\n<td>Serena Intilangelo Garc\u00eda<\/td>\r\n<td>Rosario, Santa Fe<\/td>\r\n<td>NO ENVI\u00d3<\/td>\r\n<\/tr>\r\n<tr>\r\n<td>47<\/td>\r\n<td>Sierra Walter Damian<\/td>\r\n<td>Trevelin- Chubut<\/td>\r\n<td>NO ENVI\u00d3<\/td>\r\n<\/tr>\r\n<tr>\r\n<td>48<\/td>\r\n<td>Silva Ruiz Cecilia<\/td>\r\n<td>Martelli Bs As<\/td>\r\n<td>NO ENVI\u00d3<\/td>\r\n<\/tr>\r\n<tr>\r\n<td>49<\/td>\r\n<td>Tania Lisette<\/td>\r\n<td>C\u00f3rdoba<\/td>\r\n<td>APROBADO<\/td>\r\n<\/tr>\r\n<tr>\r\n<td>50<\/td>\r\n<td>Tisera Javier<\/td>\r\n<td>Mendoza<\/td>\r\n<td>DESAPROBADO<\/td>\r\n<\/tr>\r\n<tr>\r\n<td>51<\/td>\r\n<td>Torres Alejandra<\/td>\r\n<td>Mendoza, Mendoza<\/td>\r\n<td>NO ENVI\u00d3<\/td>\r\n<\/tr>\r\n<tr>\r\n<td>52<\/td>\r\n<td>Vera Uyoa, H\u00e9ctor Enrique<\/td>\r\n<td>La Punta San Luis<\/td>\r\n<td>DESAPROBADO<\/td>\r\n<\/tr>\r\n<tr>\r\n<td>53<\/td>\r\n<td>Villalba Maria Ang\u00e9lica<\/td>\r\n<td>Saladas, Corrintes<\/td>\r\n<td>APROBADO<\/td>\r\n<\/tr>\r\n<tr>\r\n<td>54<\/td>\r\n<td>Walter Ariel Pereyra<\/td>\r\n<td>Coronel Du Graty-Chaco<\/td>\r\n<td>NO ENVI\u00d3<\/td>\r\n<\/tr>\r\n<\/tbody>\r\n<\/table>","protected":false},"excerpt":{"rendered":"<p>&nbsp; Num Apellido y Nombre Ciudad y Provincia Estado 1 Alderete Jorge Ariel Las Talitas &#8211; Tucuman APROBADO 2 Artaza Cristina Leonor San&hellip;<\/p>\n","protected":false},"author":1,"featured_media":0,"parent":0,"menu_order":0,"comment_status":"closed","ping_status":"closed","template":"","meta":{"footnotes":""},"class_list":["post-8827","page","type-page","status-publish","hentry"],"_links":{"self":[{"href":"https:\/\/federacionargentinadeajedrez.org\/index.php?rest_route=\/wp\/v2\/pages\/8827","targetHints":{"allow":["GET"]}}],"collection":[{"href":"https:\/\/federacionargentinadeajedrez.org\/index.php?rest_route=\/wp\/v2\/pages"}],"about":[{"href":"https:\/\/federacionargentinadeajedrez.org\/index.php?rest_route=\/wp\/v2\/types\/page"}],"author":[{"embeddable":true,"href":"https:\/\/federacionargentinadeajedrez.org\/index.php?rest_route=\/wp\/v2\/users\/1"}],"replies":[{"embeddable":true,"href":"https:\/\/federacionargentinadeajedrez.org\/index.php?rest_route=%2Fwp%2Fv2%2Fcomments&post=8827"}],"version-history":[{"count":16,"href":"https:\/\/federacionargentinadeajedrez.org\/index.php?rest_route=\/wp\/v2\/pages\/8827\/revisions"}],"predecessor-version":[{"id":9401,"href":"https:\/\/federacionargentinadeajedrez.org\/index.php?rest_route=\/wp\/v2\/pages\/8827\/revisions\/9401"}],"wp:attachment":[{"href":"https:\/\/federacionargentinadeajedrez.org\/index.php?rest_route=%2Fwp%2Fv2%2Fmedia&parent=8827"}],"curies":[{"name":"wp","href":"https:\/\/api.w.org\/{rel}","templated":true}]}}