{"id":8874,"date":"2025-10-17T17:11:16","date_gmt":"2025-10-17T17:11:16","guid":{"rendered":"https:\/\/federacionargentinadeajedrez.org\/?page_id=8874"},"modified":"2025-12-18T01:37:41","modified_gmt":"2025-12-18T01:37:41","slug":"reglamento-finales-campeonatos-argentinos-amateur","status":"publish","type":"page","link":"https:\/\/federacionargentinadeajedrez.org\/?page_id=8874","title":{"rendered":"REGLAMENTO FINALES CAMPEONATOS ARGENTINOS AMATEUR"},"content":{"rendered":"<p><strong>FINALES CAMPEONATOS ARGENTINOS AMATEUR<\/strong><\/p>\n<p><strong>VILLA CARLOS PAZ \u2013 C\u00d3RDOBA 2025<\/strong><\/p>\n<p><strong>CAPITAL NACIONAL DEL AJEDREZ SOCIAL Y AMATEUR<\/strong><\/p>\n<p><strong>Categor\u00edas Sub2300\/Sub2000\/Sub1700<\/strong><\/p>\n<p>Podr\u00e1n disputarla todos los jugadores que posean un rating menor a la categor\u00eda deseada y pertenezcan a una entidad afiliada a FADA.<\/p>\n<p>Las Finales se disputar\u00e1n en Diciembre, del jueves 11 al domingo 14, En el Estadio Arena de Villa Carlos Paz, C\u00f3rdoba.<\/p>\n<p><strong>REGLAMENTO<\/strong><\/p>\n<p>CAMPEONATO ARGENTINO AMATEUR SUB-1700 Y No Rankeado<\/p>\n<p>CAMPEONATO ARGENTINO AMATEUR SUB-2000<\/p>\n<p>CAMPEONATO ARGENTINO AMATEUR SUB-2300<\/p>\n<p>Se regir\u00e1 por el Leyes FIDE.<\/p>\n<p>Torneo v\u00e1lido para el Ranking Internacional (ELO)<\/p>\n<p><strong>FORMATO DE TORNEO<\/strong>: Sistema Suizo 7 Rondas<\/p>\n<p><strong>RITMO DE JUEGO:<\/strong> 60 minutos + 30 segundos de incremento desde la primera jugada.<\/p>\n<p>Se podr\u00e1n solicitar como m\u00e1ximo 3 BYEs de medio punto hasta la quinta ronda inclusive.<\/p>\n<p>Los mismos deber\u00e1n solicitarse en el siguiente formulario hasta el d\u00eda 10 de diciembre inclusive:<\/p>\n<p><a href=\"https:\/\/forms.gle\/vyi6yEkoURdHvJ7MA\">https:\/\/forms.gle\/vyi6yEkoURdHvJ7MA<\/a><\/p>\n<p><strong>LUGAR DE JUEGO:<\/strong> Estadio Arena Carlos Paz. Gdor. Roca 600, Villa Carlos Paz, C\u00f3rdoba.<\/p>\n<p>Todos los participantes deber\u00e1n tener abonado el <strong>CANON FADA 2025.<\/strong><\/p>\n<p><strong>CIERRE DE INCRIPCION<\/strong> por este medio: mi\u00e9rcoles 10 de diciembre de 2025.<\/p>\n<p>Si NO se INSCRIBE de manera ONLINE, podr\u00e1 presentarse 2 horas antes de la primera ronda en la sede de Torneo para CONFIRMAR SU PARTICIPACION.<\/p>\n<p>INFORMES: <a href=\"mailto:campeonatosargentinosamateur@gmail.com\">campeonatosargentinosamateur@gmail.com<\/a><\/p>\n<p><strong>SISTEMAS DE DESEMPATE:<\/strong><\/p>\n<ol>\n<li>Encuentro Directo<\/li>\n<li>Buchholz corte -1<\/li>\n<li>Sonneborn Berger<\/li>\n<li>Buchholz corte -2<\/li>\n<li>Mayor cantidad de victorias<\/li>\n<li>Sorteo<\/li>\n<\/ol>\n<p>La tolerancia de espera ser\u00e1 de 60 minutos desde el inicio de la ronda.<\/p>\n<p>En caso de ausencia, el jugador ser\u00e1 retirado del torneo, salvo que la organizaci\u00f3n decida lo contrario.<\/p>\n<p>No se podr\u00e1 portar ning\u00fan aparato electr\u00f3nico.<\/p>\n<p>La organizaci\u00f3n del evento se reserva el derecho de admisi\u00f3n y permanencia en el lugar de juego.<\/p>\n<p><strong>CRONOGRAMA DE JUEGO<\/strong><\/p>\n<p><strong>Jueves 11 de diciembre<\/strong><\/p>\n<p>12:30 Hs. Cierre de inscripciones<\/p>\n<p>13:00 Hs. Publicaci\u00f3n del Pareo de la Primera Ronda<\/p>\n<p>13:45 Hs. Acto Inaugural<\/p>\n<p>14:00 Hs. Primera Ronda<\/p>\n<p>18:00 Hs. Segunda Ronda<\/p>\n<p><strong>Viernes 12 de diciembre<\/strong><\/p>\n<p>15:00 Hs. Tercera Ronda<\/p>\n<p>19:00 Hs. Cuarta Ronda<\/p>\n<p><strong>S\u00e1bado 13 de diciembre<\/strong><\/p>\n<p>16:00 Hs. Campeonatos Argentinos Blitz Amateur<\/p>\n<p>19:30 Hs. Quinta Ronda<\/p>\n<p><strong>Domingo 14 de diciembre<\/strong><\/p>\n<p>10:00 Hs. Sexta Ronda<\/p>\n<p>14:00 Hs. S\u00e9ptima Ronda<\/p>\n<p>17:30 Acto de Clausura y Entrega\u00a0de\u00a0Premios<\/p>\n<p><strong>INSCRIPCI\u00d3N A TRAV\u00c9S DEL SIGUIENTE ENLACE<\/strong>:<\/p>\n<p><a href=\"https:\/\/forms.gle\/vyi6yEkoURdHvJ7MA\">https:\/\/forms.gle\/vyi6yEkoURdHvJ7MA<\/a><\/p>\n<p><strong>CUENTA A DEPOSITAR:<\/strong><\/p>\n<p>Alias: juan.ajedrez<br \/>\nCVU: 0000003100069015840692<br \/>\nNombre: Juan de Dios Dur\u00e1n Castel\u00fa<\/p>\n<p><strong>JUGADORES OFICIALES<\/strong><\/p>\n<p>PROMO DESCUENTO LANZAMIENTO HASTA EL 31 DE OCTUBRE (no aplica otros descuentos): $50.000<\/p>\n<p><strong>PROMO DESCUENTO CYBERMONDAY HASTA EL 05 DE NOVIEMBRE (no aplica otros descuentos): $50.000<\/strong><\/p>\n<p>PAGOS HASTA EL 30 DE NOVIEMBRE (aplica descuentos jugadores oficiales): $60.000<\/p>\n<p>PAGOS DEL 1 AL 10 DE DICIEMBRE (aplica descuentos jugadores oficiales): $65.000<\/p>\n<p>D\u00cdA DE JUEGO (no aplica descuentos jugadores oficiales): $70.000<\/p>\n<p><strong>JUGADORES EXTRAOFICIALES:<\/strong> \u00a0$90.000<\/p>\n<ul>\n<li>Para que un jugador sea considerado jugador oficial, deber\u00e1 haber participado de alguna semifinal homologada por FADA.\n<ul>\n<li>Aquellos jugadores que hayan participado de al menos dos semifinales (Sin haberse retirado de ninguno de los torneos) obtendr\u00e1n un beneficio del 5% off sobre la inscripci\u00f3n de la final.<\/li>\n<li>Aquellos jugadores que hayan participado al menos de tres semifinales (Sin haberse retirado de ninguno de los torneos) obtendr\u00e1n un beneficio del 10% off sobre la inscripci\u00f3n de la final.<\/li>\n<li>Aquellos jugadores que hayan participado al menos de cuatro semifinales (Sin haberse retirado de ninguno de los torneos) obtendr\u00e1n un beneficio del 15% off sobre la inscripci\u00f3n de la final.<\/li>\n<li>Aquellos jugadores que hayan participado al menos de cinco semifinales o m\u00e1s (Sin haberse retirado de ninguno de los torneos) obtendr\u00e1n un beneficio del 20% off sobre la inscripci\u00f3n de la final.<\/li>\n<\/ul>\n<\/li>\n<li>Aquellos jugadores que no hayan participado de ning\u00fan evento llamado semifinal ser\u00e1n considerados como jugadores extraoficiales.<\/li>\n<li>La Federaci\u00f3n Argentina de Ajedrez y la organizaci\u00f3n del Campeonato Argentino de Ajedrez Amateur se reservan el derecho de otorgar invitaciones a distintos jugadores evaluando la posibilidad que tuvieron de participar en semifinales zonales.<\/li>\n<li>Los jugadores que posean un t\u00edtulo superior a MF, no podr\u00e1n participar en ninguna de las categor\u00edas m\u00e1s all\u00e1 del ranking ELO que posean.<\/li>\n<li>Los jugadores que posean un t\u00edtulo superior CM, no podr\u00e1n participar de las categor\u00edas sub 2000 y sub 1700, m\u00e1s all\u00e1 del ranking ELO que posean.<\/li>\n<li>Para participar de la final nacional ning\u00fan jugador debe haber superado el l\u00edmite de ELO de la categor\u00eda a participar en los \u00faltimos 12 meses respecto de la fecha de inicio del torneo.<\/li>\n<\/ul>\n<p><strong>DERECHOS<\/strong>: Cada <strong>CAMPE\u00d3N ARGENTINO<\/strong> representar\u00e1 a la FADA en los torneos que la <strong>FIDE<\/strong> organice para el ciclo mundial 2026 con derechos de jugador oficial.<\/p>\n<p><strong>AUTORIDADES<\/strong><\/p>\n<p>Comit\u00e9 de Honor: Esteban Avil\u00e9s (<em>Intendente de Villa Carlos Paz<\/em>); Sebasti\u00e1n Boldrini (<em>Secretario de Turismo e Innovaci\u00f3n, Cultura y Deportes de Villa Carlos Paz<\/em>); Juan Sole (<em>Director de Deportes de Villa Carlos Paz<\/em>); Mario Petrucci (<em>Director Ejecutivo de FADA<\/em>); Dar\u00edo Soto (Coordinador<em>\u00a0de FAPC<\/em>); Jorge Fernandez (Presidente AAPC); Guillermo Soppe (Vicepresidente FAPC).<\/p>\n<p>Organizaci\u00f3n: Municipalidad de Villa Carlos Paz &#8211; Federaci\u00f3n Argentina de Ajedrez<\/p>\n<p>Directores: AI OI Dur\u00e1n, Juan &#8211; AI OI Santianes, Nahuel<\/p>\n<p>Arbitro Principal: AI Dubrovich, Igor<\/p>\n<p>&nbsp;<\/p>\n<p>ALOJAMIENTOS RECOMENDADOS.<\/p>\n<p><strong>POSADA D&#8217;LUA<\/strong><\/p>\n<p><img loading=\"lazy\" decoding=\"async\" class=\"alignnone wp-image-8914\" src=\"https:\/\/federacionargentinadeajedrez.org\/wp-content\/uploads\/2025\/10\/posada.png\" alt=\"\" width=\"639\" height=\"395\" srcset=\"https:\/\/federacionargentinadeajedrez.org\/wp-content\/uploads\/2025\/10\/posada.png 1037w, https:\/\/federacionargentinadeajedrez.org\/wp-content\/uploads\/2025\/10\/posada-300x185.png 300w, https:\/\/federacionargentinadeajedrez.org\/wp-content\/uploads\/2025\/10\/posada-1024x633.png 1024w, https:\/\/federacionargentinadeajedrez.org\/wp-content\/uploads\/2025\/10\/posada-768x475.png 768w\" sizes=\"auto, (max-width: 639px) 100vw, 639px\" \/><\/p>\n<ul>\n<li>Posada d&#8217;lua, Gdor. Garz\u00f3n 232, X5152 Villa Carlos Paz, C\u00f3rdoba<\/li>\n<li><a href=\"https:\/\/posadadlua.mitiendanube.com\/\">https:\/\/posadadlua.mitiendanube.com\/<\/a><\/li>\n<li>03541 21 5847 (Preguntar por Celina, mencionar Campeonatos Argentinos Amateur de Ajedrez FADA).<\/li>\n<li>800 metros de la sala de juego.<\/li>\n<li>Cuenta con Pileta, habitaciones para 2, 3, 4 y 6 personas.<\/li>\n<li>El precio es por habitaci\u00f3n por noche, no por persona.<\/li>\n<li>Habitaci\u00f3n para 2 personas: $50.000<\/li>\n<li>Habitaci\u00f3n para 3 personas: $55.000<\/li>\n<li>Habitaci\u00f3n para 4 personas: $65.000<\/li>\n<li>Habitaci\u00f3n para 6 personas: $85.000 (Dos habitaciones)<\/li>\n<li>El desayuno cuesta $2.800 por persona por d\u00eda.<\/li>\n<li>Capacidad 30 personas.<\/li>\n<\/ul>\n<p><strong>HOTEL VICTORY (2 ESTRELLAS)<\/strong><\/p>\n<p><img loading=\"lazy\" decoding=\"async\" class=\"alignnone wp-image-8913\" src=\"https:\/\/federacionargentinadeajedrez.org\/wp-content\/uploads\/2025\/10\/hotel-victory.png\" alt=\"\" width=\"627\" height=\"384\" srcset=\"https:\/\/federacionargentinadeajedrez.org\/wp-content\/uploads\/2025\/10\/hotel-victory.png 1015w, https:\/\/federacionargentinadeajedrez.org\/wp-content\/uploads\/2025\/10\/hotel-victory-300x184.png 300w, https:\/\/federacionargentinadeajedrez.org\/wp-content\/uploads\/2025\/10\/hotel-victory-768x471.png 768w\" sizes=\"auto, (max-width: 627px) 100vw, 627px\" \/><\/p>\n<ul>\n<li>Hotel Victory. Del Sarto 25, Centro, X5152KLA Villa Carlos Paz, C\u00f3rdoba<\/li>\n<li>A 1.2 km de la sala de juego.<\/li>\n<li><a href=\"https:\/\/hotelvictoryvcp.com\/\">https:\/\/hotelvictoryvcp.com\/<\/a><\/li>\n<li>Contacto: 03541422279<\/li>\n<li>70 habitaciones.<\/li>\n<li>Cuenta con Cochera, Pileta climatizada y no climatizada.<\/li>\n<li>Precios<\/li>\n<li>Por persona $30.000 con desayuno, por d\u00eda.<\/li>\n<li>Por persona $42.000 con media pensi\u00f3n (desayuno y cena) por d\u00eda.<\/li>\n<li>Cuenta con habitaciones para 2, 3 o 4 personas.<\/li>\n<\/ul>\n<p>Para m\u00e1s opciones consultar con:<\/p>\n<p><strong>CIMA VIAJES (PASAJES Y PAQUETES)<\/strong><\/p>\n<ul>\n<li>FM Emanuel Cimer<\/li>\n<li><a href=\"https:\/\/www.cimaviajes.com.ar\/\">https:\/\/www.cimaviajes.com.ar\/<\/a><\/li>\n<li>Ventas@cimaviajes.com.ar<\/li>\n<li>+5491164264112<\/li>\n<\/ul>\n","protected":false},"excerpt":{"rendered":"<p>FINALES CAMPEONATOS ARGENTINOS AMATEUR VILLA CARLOS PAZ \u2013 C\u00d3RDOBA 2025 CAPITAL NACIONAL DEL AJEDREZ SOCIAL Y AMATEUR Categor\u00edas Sub2300\/Sub2000\/Sub1700 Podr\u00e1n disputarla todos los&hellip;<\/p>\n","protected":false},"author":1,"featured_media":0,"parent":0,"menu_order":0,"comment_status":"closed","ping_status":"closed","template":"","meta":{"footnotes":""},"class_list":["post-8874","page","type-page","status-publish","hentry"],"_links":{"self":[{"href":"https:\/\/federacionargentinadeajedrez.org\/index.php?rest_route=\/wp\/v2\/pages\/8874","targetHints":{"allow":["GET"]}}],"collection":[{"href":"https:\/\/federacionargentinadeajedrez.org\/index.php?rest_route=\/wp\/v2\/pages"}],"about":[{"href":"https:\/\/federacionargentinadeajedrez.org\/index.php?rest_route=\/wp\/v2\/types\/page"}],"author":[{"embeddable":true,"href":"https:\/\/federacionargentinadeajedrez.org\/index.php?rest_route=\/wp\/v2\/users\/1"}],"replies":[{"embeddable":true,"href":"https:\/\/federacionargentinadeajedrez.org\/index.php?rest_route=%2Fwp%2Fv2%2Fcomments&post=8874"}],"version-history":[{"count":14,"href":"https:\/\/federacionargentinadeajedrez.org\/index.php?rest_route=\/wp\/v2\/pages\/8874\/revisions"}],"predecessor-version":[{"id":9101,"href":"https:\/\/federacionargentinadeajedrez.org\/index.php?rest_route=\/wp\/v2\/pages\/8874\/revisions\/9101"}],"wp:attachment":[{"href":"https:\/\/federacionargentinadeajedrez.org\/index.php?rest_route=%2Fwp%2Fv2%2Fmedia&parent=8874"}],"curies":[{"name":"wp","href":"https:\/\/api.w.org\/{rel}","templated":true}]}}