{"id":8922,"date":"2025-10-25T01:34:55","date_gmt":"2025-10-25T01:34:55","guid":{"rendered":"https:\/\/federacionargentinadeajedrez.org\/?page_id=8922"},"modified":"2025-11-18T15:06:00","modified_gmt":"2025-11-18T15:06:00","slug":"campeonatos-argentinos-seniors-50-y-65","status":"publish","type":"page","link":"https:\/\/federacionargentinadeajedrez.org\/?page_id=8922","title":{"rendered":"Campeonatos Argentinos Seniors +50 y +65"},"content":{"rendered":"<p><img loading=\"lazy\" decoding=\"async\" class=\"alignnone size-full wp-image-8923\" src=\"https:\/\/federacionargentinadeajedrez.org\/wp-content\/uploads\/2025\/10\/SENIORS2025.png\" alt=\"\" width=\"1080\" height=\"1350\" srcset=\"https:\/\/federacionargentinadeajedrez.org\/wp-content\/uploads\/2025\/10\/SENIORS2025.png 1080w, https:\/\/federacionargentinadeajedrez.org\/wp-content\/uploads\/2025\/10\/SENIORS2025-240x300.png 240w, https:\/\/federacionargentinadeajedrez.org\/wp-content\/uploads\/2025\/10\/SENIORS2025-819x1024.png 819w, https:\/\/federacionargentinadeajedrez.org\/wp-content\/uploads\/2025\/10\/SENIORS2025-768x960.png 768w, https:\/\/federacionargentinadeajedrez.org\/wp-content\/uploads\/2025\/10\/SENIORS2025-1024x1280.png 1024w\" sizes=\"auto, (max-width: 1080px) 100vw, 1080px\" \/><\/p>\n<h1 class=\"wp-block-heading\">Reglamento<\/h1>\n<p><strong>CAMPEONATOS ARGENTINOS SENIORS 2025<\/strong><\/p>\n<ol class=\"wp-block-list\">\n<li>Para poder participar en el Campeonato Argentino Senior Supra 50, los jugadores de uno y otro sexo deber\u00e1n haber nacido en el a\u00f1o 1975 o en a\u00f1os anteriores y no figurar en el listado ELO con bandera extranjera.<\/li>\n<li>Para poder participar en el Campeonato Argentino Senior Supra 65, los jugadores de uno y otro sexo deber\u00e1n haber nacido en el a\u00f1o 1960 o en a\u00f1os anteriores y no figurar en el listado ELO con bandera extranjera.<\/li>\n<li>Podr\u00e1 inscribirse todo jugador que cumpla con los requisitos de edad, represente a una entidad afiliada y sea avalado por dicha Instituci\u00f3n.<\/li>\n<li>Ambas categor\u00edas ser\u00e1n Finales y proclamar\u00e1n al campe\u00f3n argentino de cada categor\u00eda.<\/li>\n<li>Los Campeonatos se jugar\u00e1n con un ritmo de juego de 90 minutos, m\u00e1s el agregado de 30 segundos desde la movida inicial y ser\u00e1n computables para el ELO Internacional<\/li>\n<li>Los torneos se jugar\u00e1n por el siguiente sistema:<\/li>\n<li>4 a 8 jugadores\/as Round Robin a una vuelta.<\/li>\n<li>9 a 11 jugadores Sistema Suizo a 6 rondas<\/li>\n<li>12 o mas jugadores\/as Sistema suizo a 7 Rondas<\/li>\n<li>En caso de no reunir 4 jugadores en alguna categor\u00eda, ambas se jugaran en forma conjunta.<\/li>\n<li>La organizaci\u00f3n puede modificar la cantidad de rondas en caso de considerarlo conveniente antes del comienzo de la primera ronda.<\/li>\n<li>Sistemas de Desempate<\/li>\n<\/ol>\n<p>La posici\u00f3n final se determinar\u00e1 por los puntos logrados.<\/p>\n<p>Luego se utilizar\u00e1n los sistemas de desempate en este orden:<\/p>\n<p><strong>Sistemas de desempate en torneos por sistema suizo:<\/strong><\/p>\n<ol class=\"wp-block-list\">\n<li>Encuentro Directo<\/li>\n<li>Buchholz corte -1<\/li>\n<li>Sonnenborn Berger<\/li>\n<li>Buchholz Total<\/li>\n<li>Buchholz corte -2<\/li>\n<li>Buchholz con cortes hasta definir<\/li>\n<li>Sorteo<\/li>\n<\/ol>\n<p><strong>Sistemas de desempate en torneos Round Robin:<\/strong><\/p>\n<ol class=\"wp-block-list\">\n<li>Resultado Individual entre los empatados<\/li>\n<li>Sonnenborn Berger<\/li>\n<li>Mayor cantidad de Victorias<\/li>\n<li>Sistema Koya<\/li>\n<li>Sistema Koya extendido<\/li>\n<\/ol>\n<p>En caso de empate en el primer puesto y solo a los efectos de definir el ganador del Argentino 2025 de cada Categor\u00eda, se definir\u00e1 de la siguiente manera:<\/p>\n<ol class=\"wp-block-list\">\n<li>Empate entre dos (2) jugadores: dos (2) partidas a 5 minutos por jugador, con un adicional de 2 segundos desde la movida uno, en caso de mantenerse el empate se\u00a0 jugar\u00e1 una partida donde el blanco jugar\u00e1 con cuatro (4) minutos y el negro con tres (3) minutos con adicional de 2 segundos despues de la jugada 60 , en caso de empate ganar\u00e1 el jugador que conduce las piezas negras.<\/li>\n<li>Empate entre 3 o m\u00e1s jugadores: Round Rob\u00edn a 5 minutos por jugador, m\u00e1s 2 segundos por jugada desde el inicio, en caso de empate se aplicar\u00e1 el desempate del Torneo.<\/li>\n<li>El ganador\/a de cada Campeonato Argentino ser\u00e1 considerado jugador Oficial de Argentina en el Campeonato Panamericano y Mundial\u00a0 Senior.<\/li>\n<\/ol>\n<p>&nbsp;<\/p>\n<p><strong>Sede del torneo:<\/strong>\u00a0 C\u00edrculo de Ajedrez Torre Blanca, S\u00e1nchez de Bustamante 587, Cdad. Aut\u00f3noma de Buenos Aires<\/p>\n<p><strong>Directores del torneo:<\/strong> AI OI Leandro Plotinsky &#8211; AF H\u00e9ctor Fiori<\/p>\n<p><strong>\u00c1rbitro Principal:<\/strong> AI OI Juan Dur\u00e1n<\/p>\n<p><strong>Cronograma de Juego:<\/strong><\/p>\n<p><strong>Jueves 20 de Noviembre de 2025<\/strong><\/p>\n<p>17:00 Cierre de inscripci\u00f3n.<\/p>\n<p><strong>Viernes 21 de Noviembre de 2025<br \/>\n<\/strong>13:00\u00a0 \u00a0 \u00a0 \u00a0 \u00a0Primera Ronda<br \/>\n18:00\u00a0\u00a0\u00a0\u00a0\u00a0\u00a0\u00a0\u00a0 Segunda Ronda<\/p>\n<p><strong>S\u00e1bado 22 de Noviembre de 2025<br \/>\n<\/strong>10:00\u00a0 \u00a0 \u00a0 \u00a0 \u00a0Tercera Ronda<br \/>\n18:30\u00a0 \u00a0 \u00a0 \u00a0 \u00a0Cuarta Ronda<\/p>\n<p><strong>Domingo 23 de Noviembre 2025<br \/>\n<\/strong>10:00\u00a0 \u00a0 \u00a0 \u00a0 \u00a0Quinta Ronda<br \/>\n17:30\u00a0 \u00a0 \u00a0 \u00a0 \u00a0Sexta Ronda<\/p>\n<p><strong>Lunes 24 de Noviembre de 2025<br \/>\n<\/strong>09:30\u00a0 \u00a0 \u00a0 \u00a0 \u00a0 Ultima Ronda<\/p>\n<p>13:00\u00a0 \u00a0 \u00a0 \u00a0 Acto de Clausura y Entrega de Premios<\/p>\n<p>En el caso de ser suizo se podr\u00e1 pedir 2 BYEs en las primeras 4 rondas antes de comenzar el torneo.<\/p>\n<p>La tolerancia ser\u00e1 de 1 hora desde el comienzo de las partidas.<\/p>\n<p><strong>La inscripci\u00f3n general costar\u00e1 $ 40.000 hasta el 20 de Noviembre de 2025. El mismo d\u00eda el costo ser\u00e1 de $50.000<\/strong><\/p>\n<p><strong>Informes e inscripci\u00f3n:<\/strong><\/p>\n<p>AI OI Juan Dur\u00e1n +54 9 11 3330-5267<\/p>\n<p>AI OI Leandro Plotinsky +54 9 11 6092-9773<\/p>\n<p>AF H\u00e9ctor Fiori +54 9 11 5048-8053<\/p>\n<p>Todos los participantes deben haber cumplimentado con el pago del CANON FADA 2025.<\/p>\n","protected":false},"excerpt":{"rendered":"<p>Reglamento CAMPEONATOS ARGENTINOS SENIORS 2025 Para poder participar en el Campeonato Argentino Senior Supra 50, los jugadores de uno y otro sexo deber\u00e1n&hellip;<\/p>\n","protected":false},"author":1,"featured_media":0,"parent":0,"menu_order":0,"comment_status":"closed","ping_status":"closed","template":"","meta":{"footnotes":""},"class_list":["post-8922","page","type-page","status-publish","hentry"],"_links":{"self":[{"href":"https:\/\/federacionargentinadeajedrez.org\/index.php?rest_route=\/wp\/v2\/pages\/8922","targetHints":{"allow":["GET"]}}],"collection":[{"href":"https:\/\/federacionargentinadeajedrez.org\/index.php?rest_route=\/wp\/v2\/pages"}],"about":[{"href":"https:\/\/federacionargentinadeajedrez.org\/index.php?rest_route=\/wp\/v2\/types\/page"}],"author":[{"embeddable":true,"href":"https:\/\/federacionargentinadeajedrez.org\/index.php?rest_route=\/wp\/v2\/users\/1"}],"replies":[{"embeddable":true,"href":"https:\/\/federacionargentinadeajedrez.org\/index.php?rest_route=%2Fwp%2Fv2%2Fcomments&post=8922"}],"version-history":[{"count":5,"href":"https:\/\/federacionargentinadeajedrez.org\/index.php?rest_route=\/wp\/v2\/pages\/8922\/revisions"}],"predecessor-version":[{"id":9010,"href":"https:\/\/federacionargentinadeajedrez.org\/index.php?rest_route=\/wp\/v2\/pages\/8922\/revisions\/9010"}],"wp:attachment":[{"href":"https:\/\/federacionargentinadeajedrez.org\/index.php?rest_route=%2Fwp%2Fv2%2Fmedia&parent=8922"}],"curies":[{"name":"wp","href":"https:\/\/api.w.org\/{rel}","templated":true}]}}