{"id":9004,"date":"2025-11-18T14:23:02","date_gmt":"2025-11-18T14:23:02","guid":{"rendered":"https:\/\/federacionargentinadeajedrez.org\/?page_id=9004"},"modified":"2026-02-05T12:18:54","modified_gmt":"2026-02-05T12:18:54","slug":"v-curso-del-27-de-nov-al-17-de-diciembre-completo","status":"publish","type":"page","link":"https:\/\/federacionargentinadeajedrez.org\/?page_id=9004","title":{"rendered":"V Curso del 27 de Nov al 17 de Diciembre (COMPLETO)"},"content":{"rendered":"\r\n<p><img loading=\"lazy\" decoding=\"async\" class=\"alignnone size-full wp-image-9102\" src=\"https:\/\/federacionargentinadeajedrez.org\/wp-content\/uploads\/2025\/12\/curso-V.png\" alt=\"\" width=\"1420\" height=\"817\" srcset=\"https:\/\/federacionargentinadeajedrez.org\/wp-content\/uploads\/2025\/12\/curso-V.png 1420w, https:\/\/federacionargentinadeajedrez.org\/wp-content\/uploads\/2025\/12\/curso-V-300x173.png 300w, https:\/\/federacionargentinadeajedrez.org\/wp-content\/uploads\/2025\/12\/curso-V-1024x589.png 1024w, https:\/\/federacionargentinadeajedrez.org\/wp-content\/uploads\/2025\/12\/curso-V-768x442.png 768w\" sizes=\"auto, (max-width: 1420px) 100vw, 1420px\" \/><\/p>\r\n<p>&nbsp;<\/p>\r\n<table dir=\"ltr\" border=\"1\" cellspacing=\"0\" cellpadding=\"0\" data-sheets-root=\"1\" data-sheets-baot=\"1\"><colgroup><col width=\"38\" \/><col width=\"234\" \/><col width=\"251\" \/><col width=\"100\" \/><\/colgroup>\r\n<tbody>\r\n<tr>\r\n<td>Num<\/td>\r\n<td>Apellido y Nombre<\/td>\r\n<td>Ciudad y Provincia<\/td>\r\n<td>Estado<\/td>\r\n<\/tr>\r\n<tr>\r\n<td>1<\/td>\r\n<td>Alcaraz Cristian Juan Pablo<\/td>\r\n<td>Las Bre\u00f1as, Chaco<\/td>\r\n<td>APROBADO<\/td>\r\n<\/tr>\r\n<tr>\r\n<td>2<\/td>\r\n<td>Andino Luca Caleb<\/td>\r\n<td>Quilmes oeste, Buenos Aires<\/td>\r\n<td>APROBADO<\/td>\r\n<\/tr>\r\n<tr>\r\n<td>3<\/td>\r\n<td>Avalos Alfredo<\/td>\r\n<td>Santa Rosa, Corrientes<\/td>\r\n<td>APROBADO<\/td>\r\n<\/tr>\r\n<tr>\r\n<td>4<\/td>\r\n<td>Azanza Diamela<\/td>\r\n<td>Paran\u00e1 Entre r\u00edos<\/td>\r\n<td>APROBADO<\/td>\r\n<\/tr>\r\n<tr>\r\n<td>5<\/td>\r\n<td>Azanza Eloisa<\/td>\r\n<td>Paran\u00e1, Entre R\u00edos<\/td>\r\n<td>APROBADO<\/td>\r\n<\/tr>\r\n<tr>\r\n<td>6<\/td>\r\n<td>Baraga\u00f1o Juan carlos<\/td>\r\n<td>General Pinedo Chaco<\/td>\r\n<td>NO ENVI\u00d3<\/td>\r\n<\/tr>\r\n<tr>\r\n<td>7<\/td>\r\n<td>Baz\u00e1n Diego Alejandro<\/td>\r\n<td>Monteros _ Tucuman<\/td>\r\n<td>APROBADO<\/td>\r\n<\/tr>\r\n<tr>\r\n<td>8<\/td>\r\n<td>Bella Juan Antonio<\/td>\r\n<td>Monte Caseros<\/td>\r\n<td>APROBADO<\/td>\r\n<\/tr>\r\n<tr>\r\n<td>9<\/td>\r\n<td>Calleja Jano Tomas<\/td>\r\n<td>Moreno, Buenos Aires<\/td>\r\n<td>APROBADO<\/td>\r\n<\/tr>\r\n<tr>\r\n<td>10<\/td>\r\n<td>Castillo Brian Ivan<\/td>\r\n<td>P\u00e9rez- Santa Fe<\/td>\r\n<td>APROBADO<\/td>\r\n<\/tr>\r\n<tr>\r\n<td>11<\/td>\r\n<td>Chanduv\u00ed Loayza Fidel M\u00e1ximo<\/td>\r\n<td>Buenos Aires, capital federal<\/td>\r\n<td>NO ENVI\u00d3<\/td>\r\n<\/tr>\r\n<tr>\r\n<td>12<\/td>\r\n<td>Charaf Leonardo Esteban<\/td>\r\n<td>Met\u00e1n (Salta)<\/td>\r\n<td>APROBADO<\/td>\r\n<\/tr>\r\n<tr>\r\n<td>13<\/td>\r\n<td>Cistola Ezequiel<\/td>\r\n<td>Berisso, Buenos Aires<\/td>\r\n<td>APROBADO<\/td>\r\n<\/tr>\r\n<tr>\r\n<td>14<\/td>\r\n<td>Dejes\u00fas Duarte Sebasti\u00e1n<\/td>\r\n<td>La Plata, Buenos Aires<\/td>\r\n<td>NO ENVI\u00d3<\/td>\r\n<\/tr>\r\n<tr>\r\n<td>15<\/td>\r\n<td>Docters, Mario Roberto<\/td>\r\n<td>La Plata, Buenos Aires<\/td>\r\n<td>APROBADO<\/td>\r\n<\/tr>\r\n<tr>\r\n<td>16<\/td>\r\n<td>Elicagaray Uriel<\/td>\r\n<td>Los Hornillos, San Javier, C\u00f3rdoba<\/td>\r\n<td>NO ENVI\u00d3<\/td>\r\n<\/tr>\r\n<tr>\r\n<td>17<\/td>\r\n<td>Gallardo Javier Eugenio<\/td>\r\n<td>Clodomira, Santiago del Estero<\/td>\r\n<td>APROBADO<\/td>\r\n<\/tr>\r\n<tr>\r\n<td>18<\/td>\r\n<td>GAMBOA ELSA PATRICIA<\/td>\r\n<td>Salta capital<\/td>\r\n<td>APROBADO<\/td>\r\n<\/tr>\r\n<tr>\r\n<td>19<\/td>\r\n<td>Garbero Ana Carolina<\/td>\r\n<td>Ciudad aut\u00f3noma de Buenos Aires<\/td>\r\n<td>APROBADO<\/td>\r\n<\/tr>\r\n<tr>\r\n<td>20<\/td>\r\n<td>Garrido Bustamante Rocio celeste<\/td>\r\n<td>Comodoro Rivadavia<\/td>\r\n<td>APROBADO<\/td>\r\n<\/tr>\r\n<tr>\r\n<td>21<\/td>\r\n<td>GITTO GABRIEL<\/td>\r\n<td>SAN LUIS<\/td>\r\n<td>APROBADO<\/td>\r\n<\/tr>\r\n<tr>\r\n<td>22<\/td>\r\n<td>Gonzalez Dami\u00e1n<\/td>\r\n<td>Rivadavia, Mendoza<\/td>\r\n<td>APROBADO<\/td>\r\n<\/tr>\r\n<tr>\r\n<td>23<\/td>\r\n<td>Gonz\u00e1lez Lopardo Pablo<\/td>\r\n<td>Mar del Plata (Bs As)<\/td>\r\n<td>APROBADO<\/td>\r\n<\/tr>\r\n<tr>\r\n<td>24<\/td>\r\n<td>Gonzalez Mari\u00e1ngeles<\/td>\r\n<td>Ayacucho<\/td>\r\n<td>DESAPROBADO<\/td>\r\n<\/tr>\r\n<tr>\r\n<td>25<\/td>\r\n<td>Gonz\u00e1lez Rodolfo Sebasti\u00e1n<\/td>\r\n<td>San Miguel de Tucum\u00e1n &#8211; Tucum\u00e1n<\/td>\r\n<td>APROBADO<\/td>\r\n<\/tr>\r\n<tr>\r\n<td>26<\/td>\r\n<td>Gruzycki Adri\u00e0n Esteban<\/td>\r\n<td>Resistencia Chaco<\/td>\r\n<td>NO ENVI\u00d3<\/td>\r\n<\/tr>\r\n<tr>\r\n<td>27<\/td>\r\n<td>Lecea Martin<\/td>\r\n<td>Mendoza<\/td>\r\n<td>APROBADO<\/td>\r\n<\/tr>\r\n<tr>\r\n<td>28<\/td>\r\n<td>Lisandro pellegatta luna<\/td>\r\n<td>General belgrano, buenos aires<\/td>\r\n<td>APROBADO<\/td>\r\n<\/tr>\r\n<tr>\r\n<td>29<\/td>\r\n<td>L\u00f3pez Varano Heraldo<\/td>\r\n<td>Neuquen, Neuquen Capital<\/td>\r\n<td>APROBADO<\/td>\r\n<\/tr>\r\n<tr>\r\n<td>30<\/td>\r\n<td>Maman\u00ed Gonzalo Sebasti\u00e1n<\/td>\r\n<td>San Salvador de Jujuy &#8211; Jujuy<\/td>\r\n<td>NO ENVI\u00d3<\/td>\r\n<\/tr>\r\n<tr>\r\n<td>31<\/td>\r\n<td>Manjarr\u00e9s Carmelo<\/td>\r\n<td>Salta Capital. Provincia de Salta<\/td>\r\n<td>APROBADO<\/td>\r\n<\/tr>\r\n<tr>\r\n<td>32<\/td>\r\n<td>Marquez sergio ivan<\/td>\r\n<td>Las talitas. Tucuman<\/td>\r\n<td>APROBADO<\/td>\r\n<\/tr>\r\n<tr>\r\n<td>33<\/td>\r\n<td>Monserrat Carlos Javier<\/td>\r\n<td>Embarcacion Salta<\/td>\r\n<td>NO ENVI\u00d3<\/td>\r\n<\/tr>\r\n<tr>\r\n<td>34<\/td>\r\n<td>Naranjo Lanfranco Alvaro Karol<\/td>\r\n<td>Villa Mercedes- San Luis<\/td>\r\n<td>APROBADO<\/td>\r\n<\/tr>\r\n<tr>\r\n<td>35<\/td>\r\n<td>Olgu\u00edn Rocio Nerina<\/td>\r\n<td>Santa Rosa La Pampa<\/td>\r\n<td>DESAPROBADO<\/td>\r\n<\/tr>\r\n<tr>\r\n<td>36<\/td>\r\n<td>Ortega Agustin<\/td>\r\n<td>San Luis<\/td>\r\n<td>NO ENVI\u00d3<\/td>\r\n<\/tr>\r\n<tr>\r\n<td>37<\/td>\r\n<td>Patrone Carlos Mar\u00eda<\/td>\r\n<td>Quilmes, Buenos Aires<\/td>\r\n<td>APROBADO<\/td>\r\n<\/tr>\r\n<tr>\r\n<td>38<\/td>\r\n<td>Pedernera Daniel<\/td>\r\n<td>Villa Mercedes San luis<\/td>\r\n<td>APROBADO<\/td>\r\n<\/tr>\r\n<tr>\r\n<td>39<\/td>\r\n<td>Pitt Santiago<\/td>\r\n<td>Tartagal, Salta.<\/td>\r\n<td>APROBADO<\/td>\r\n<\/tr>\r\n<tr>\r\n<td>40<\/td>\r\n<td>Prada Agustina<\/td>\r\n<td>Vicente L\u00f3pez<\/td>\r\n<td>APROBADO<\/td>\r\n<\/tr>\r\n<tr>\r\n<td>41<\/td>\r\n<td>Quiroga Flavia Diamela<\/td>\r\n<td>Villa Minetti- Santa Fe<\/td>\r\n<td>APROBADO<\/td>\r\n<\/tr>\r\n<tr>\r\n<td>42<\/td>\r\n<td>Quispe Julio Damian<\/td>\r\n<td>San MIguel de Tucuman, Tucuman<\/td>\r\n<td>APROBADO<\/td>\r\n<\/tr>\r\n<tr>\r\n<td>43<\/td>\r\n<td>Ram\u00edrez, Roberto Daniel<\/td>\r\n<td>Villa \u00c1ngela, Chaco<\/td>\r\n<td>APROBADO<\/td>\r\n<\/tr>\r\n<tr>\r\n<td>44<\/td>\r\n<td>Rodriguez Carlos Hugo<\/td>\r\n<td>La Plata, Buenos Aires<\/td>\r\n<td>APROBADO<\/td>\r\n<\/tr>\r\n<tr>\r\n<td>45<\/td>\r\n<td>Rojas Lautaro<\/td>\r\n<td>Banda del R\u00edo Sal\u00ed &#8211; Tucum\u00e1n<\/td>\r\n<td>APROBADO<\/td>\r\n<\/tr>\r\n<tr>\r\n<td>46<\/td>\r\n<td>Rojo Alejandro<\/td>\r\n<td>Viedma. Rio Negro<\/td>\r\n<td>APROBADO<\/td>\r\n<\/tr>\r\n<tr>\r\n<td>47<\/td>\r\n<td>Ruiz Romina Andrea<\/td>\r\n<td>Salta<\/td>\r\n<td>NO ENVI\u00d3<\/td>\r\n<\/tr>\r\n<tr>\r\n<td>48<\/td>\r\n<td>Ryban Ariel Horacio<\/td>\r\n<td>VILLA MERCEDES SAN LUIS<\/td>\r\n<td>APROBADO<\/td>\r\n<\/tr>\r\n<tr>\r\n<td>49<\/td>\r\n<td>Saiquita<\/td>\r\n<td>Chos Malal Neuqu\u00e9n<\/td>\r\n<td>NO ENVI\u00d3<\/td>\r\n<\/tr>\r\n<tr>\r\n<td>50<\/td>\r\n<td>sanchez maureira carlos guillermo<\/td>\r\n<td>viedma rio negro<\/td>\r\n<td>NO ENVI\u00d3<\/td>\r\n<\/tr>\r\n<tr>\r\n<td>51<\/td>\r\n<td>S\u00c1NCHEZ, LEANDRO JAVIER<\/td>\r\n<td>CIPOLLETTI, R\u00cdO NEGRO<\/td>\r\n<td>APROBADO<\/td>\r\n<\/tr>\r\n<tr>\r\n<td>52<\/td>\r\n<td>Sa\u00fal Heffner<\/td>\r\n<td>Ciudad Aut\u00f3noma de Buenos Aires<\/td>\r\n<td>APROBADO<\/td>\r\n<\/tr>\r\n<tr>\r\n<td>53<\/td>\r\n<td>Sayavedra Alicia Beatriz<\/td>\r\n<td>Vte.Lopez .Buenos Aires<\/td>\r\n<td>NO ENVI\u00d3<\/td>\r\n<\/tr>\r\n<tr>\r\n<td>54<\/td>\r\n<td>Sim\u00f3n Andr\u00e9s<\/td>\r\n<td>Rivadavia Mendoza<\/td>\r\n<td>APROBADO<\/td>\r\n<\/tr>\r\n<tr>\r\n<td>55<\/td>\r\n<td>Stipech victor sebastian<\/td>\r\n<td>Rivadavia Mendoza<\/td>\r\n<td>APROBADO<\/td>\r\n<\/tr>\r\n<tr>\r\n<td>56<\/td>\r\n<td>Sullivan, Mercedes Noemi<\/td>\r\n<td>Mar del plata, Buenos Aires<\/td>\r\n<td>APROBADO<\/td>\r\n<\/tr>\r\n<tr>\r\n<td>57<\/td>\r\n<td>Tarasewicz Guillermo Vladimir<\/td>\r\n<td>Tres Isletas Chaco<\/td>\r\n<td>NO ENVI\u00d3<\/td>\r\n<\/tr>\r\n<tr>\r\n<td>58<\/td>\r\n<td>Tejedor Facundo<\/td>\r\n<td>Perito Moreno, Santa Cruz<\/td>\r\n<td>APROBADO<\/td>\r\n<\/tr>\r\n<tr>\r\n<td>59<\/td>\r\n<td>Toledo Cristian Adrian<\/td>\r\n<td>Villa Mercedes San Luis<\/td>\r\n<td>APROBADO<\/td>\r\n<\/tr>\r\n<tr>\r\n<td>60<\/td>\r\n<td>Velazaquez Hugo Hector<\/td>\r\n<td>San Clemente del Tuy\u00fa Buenos Aires<\/td>\r\n<td>NO ENVI\u00d3<\/td>\r\n<\/tr>\r\n<tr>\r\n<td>61<\/td>\r\n<td>Villalba Braian<\/td>\r\n<td>Tres Arroyos, Buenos Aires.<\/td>\r\n<td>NO ENVI\u00d3<\/td>\r\n<\/tr>\r\n<tr>\r\n<td>62<\/td>\r\n<td>Vivas Lucas Gonzalo<\/td>\r\n<td>Rojas, Pcia. Buenos Aires<\/td>\r\n<td>DESAPROBADO<\/td>\r\n<\/tr>\r\n<\/tbody>\r\n<\/table>\r\n\r\n\r\n","protected":false},"excerpt":{"rendered":"<p>&nbsp; Num Apellido y Nombre Ciudad y Provincia Estado 1 Alcaraz Cristian Juan Pablo Las Bre\u00f1as, Chaco APROBADO 2 Andino Luca Caleb Quilmes&hellip;<\/p>\n","protected":false},"author":1,"featured_media":0,"parent":0,"menu_order":0,"comment_status":"closed","ping_status":"closed","template":"","meta":{"footnotes":""},"class_list":["post-9004","page","type-page","status-publish","hentry"],"_links":{"self":[{"href":"https:\/\/federacionargentinadeajedrez.org\/index.php?rest_route=\/wp\/v2\/pages\/9004","targetHints":{"allow":["GET"]}}],"collection":[{"href":"https:\/\/federacionargentinadeajedrez.org\/index.php?rest_route=\/wp\/v2\/pages"}],"about":[{"href":"https:\/\/federacionargentinadeajedrez.org\/index.php?rest_route=\/wp\/v2\/types\/page"}],"author":[{"embeddable":true,"href":"https:\/\/federacionargentinadeajedrez.org\/index.php?rest_route=\/wp\/v2\/users\/1"}],"replies":[{"embeddable":true,"href":"https:\/\/federacionargentinadeajedrez.org\/index.php?rest_route=%2Fwp%2Fv2%2Fcomments&post=9004"}],"version-history":[{"count":9,"href":"https:\/\/federacionargentinadeajedrez.org\/index.php?rest_route=\/wp\/v2\/pages\/9004\/revisions"}],"predecessor-version":[{"id":9279,"href":"https:\/\/federacionargentinadeajedrez.org\/index.php?rest_route=\/wp\/v2\/pages\/9004\/revisions\/9279"}],"wp:attachment":[{"href":"https:\/\/federacionargentinadeajedrez.org\/index.php?rest_route=%2Fwp%2Fv2%2Fmedia&parent=9004"}],"curies":[{"name":"wp","href":"https:\/\/api.w.org\/{rel}","templated":true}]}}