{"id":9105,"date":"2025-12-18T19:22:34","date_gmt":"2025-12-18T19:22:34","guid":{"rendered":"https:\/\/federacionargentinadeajedrez.org\/?page_id=9105"},"modified":"2026-04-07T13:41:48","modified_gmt":"2026-04-07T13:41:48","slug":"canon-2026","status":"publish","type":"page","link":"https:\/\/federacionargentinadeajedrez.org\/?page_id=9105","title":{"rendered":"CANON 2026"},"content":{"rendered":"\n<p>CAMBIOS EN EL CANON FADA Y ELO 2026<br>CAN\u00d3N<\/p>\n\n\n\n<p>El canon 2026 se abonar\u00e1 de manera individual por cada jugador, mediante la carga del formulario correspondiente, siendo \u00e9sta la \u00fanica forma habilitada para registrar los c\u00e1nones.<\/p>\n\n\n\n<p>El canon para la categor\u00eda Mayores ser\u00e1 de $ 27.000 y el can\u00f3n Sub-18 ser\u00e1 de $ 17.000, en ambos casos pagando hasta el 30 de junio de 2026.<\/p>\n\n\n\n<p>El \u00e1rbitro deber\u00e1 verificar durante el desarrollo del torneo que todos los c\u00e1nones est\u00e9n debidamente pagados. En caso de remitirse para el c\u00f3mputo un torneo con uno o m\u00e1s jugadores sin canon, el organizador deber\u00e1 abonar, en concepto de recargo, el doble del valor del can\u00f3n correspondiente por cada jugador que no lo tenga pagado.<br>Asimismo, contin\u00faa vigente el cargo adicional de $ 4.000 por cada jugador que no tenga el canon abonado en torneos de Ajedrez R\u00e1pidos y Blitz.<\/p>\n\n\n\n<p>Formulario de pago:<br><a href=\"https:\/\/forms.gle\/52sRACcQB277U3of9\">https:\/\/forms.gle\/52sRACcQB277U3of9<\/a><\/p>\n\n\n\n<p>Listado 2026:<br><a href=\"https:\/\/docs.google.com\/spreadsheets\/d\/16pnyrJSPaqIky7_eZuDsf3BaRUWJbZMfj1aSkIWJ6gM\/edit?usp=sharing\">https:\/\/docs.google.com\/spreadsheets\/d\/16pnyrJSPaqIky7_eZuDsf3BaRUWJbZMfj1aSkIWJ6gM\/edit?usp=sharing<\/a><\/p>\n\n\n\n<p>ELO<\/p>\n\n\n\n<p>Todos los torneos deber\u00e1n cargarse obligatoriamente en la p\u00e1gina Chess-Results mientras se est\u00e9n disputando. Adem\u00e1s, en el campo \u201corganizador\u201d deber\u00e1 figurar la persona f\u00edsica responsable, y deber\u00e1 indicarse la entidad que env\u00eda el torneo a FADA para su correspondiente c\u00f3mputo.<\/p>\n\n\n\n<p>El costo por jugador para el ELO en torneos cl\u00e1sicos ser\u00e1 de 2,4 d\u00f3lares, mientras que en torneos blitz y r\u00e1pidos ser\u00e1 de $ 1.200.<\/p>\n\n\n\n<p>El costo por \u00abAutorizaci\u00f3n y Aval\u00bb por torneo pasar\u00e1 a ser de $ 4.000, y se abonar\u00e1 se juegue o no el torneo, una vez solicitado.<\/p>\n\n\n\n<p><\/p>\n","protected":false},"excerpt":{"rendered":"<p>CAMBIOS EN EL CANON FADA Y ELO 2026CAN\u00d3N El canon 2026 se abonar\u00e1 de manera individual por cada jugador, mediante la carga del&hellip;<\/p>\n","protected":false},"author":1,"featured_media":0,"parent":0,"menu_order":0,"comment_status":"closed","ping_status":"closed","template":"","meta":{"footnotes":""},"class_list":["post-9105","page","type-page","status-publish","hentry"],"_links":{"self":[{"href":"https:\/\/federacionargentinadeajedrez.org\/index.php?rest_route=\/wp\/v2\/pages\/9105","targetHints":{"allow":["GET"]}}],"collection":[{"href":"https:\/\/federacionargentinadeajedrez.org\/index.php?rest_route=\/wp\/v2\/pages"}],"about":[{"href":"https:\/\/federacionargentinadeajedrez.org\/index.php?rest_route=\/wp\/v2\/types\/page"}],"author":[{"embeddable":true,"href":"https:\/\/federacionargentinadeajedrez.org\/index.php?rest_route=\/wp\/v2\/users\/1"}],"replies":[{"embeddable":true,"href":"https:\/\/federacionargentinadeajedrez.org\/index.php?rest_route=%2Fwp%2Fv2%2Fcomments&post=9105"}],"version-history":[{"count":4,"href":"https:\/\/federacionargentinadeajedrez.org\/index.php?rest_route=\/wp\/v2\/pages\/9105\/revisions"}],"predecessor-version":[{"id":9487,"href":"https:\/\/federacionargentinadeajedrez.org\/index.php?rest_route=\/wp\/v2\/pages\/9105\/revisions\/9487"}],"wp:attachment":[{"href":"https:\/\/federacionargentinadeajedrez.org\/index.php?rest_route=%2Fwp%2Fv2%2Fmedia&parent=9105"}],"curies":[{"name":"wp","href":"https:\/\/api.w.org\/{rel}","templated":true}]}}