{"id":9108,"date":"2025-12-18T19:35:26","date_gmt":"2025-12-18T19:35:26","guid":{"rendered":"https:\/\/federacionargentinadeajedrez.org\/?page_id=9108"},"modified":"2026-04-26T20:25:24","modified_gmt":"2026-04-26T20:25:24","slug":"pedido-y-computo-de-torneos-2026","status":"publish","type":"page","link":"https:\/\/federacionargentinadeajedrez.org\/?page_id=9108","title":{"rendered":"Pedido y computo de Torneos 2026"},"content":{"rendered":"\n<p><strong>C\u00d3MO PEDIR Y ENVIAR UN TORNEO AL ELO<\/strong><br>Los \u00e1rbitros u organizadores tendran que llenar el formulario online de pedido de torneo con un m\u00ednimo de 15 d\u00edas de anticipaci\u00f3n.&nbsp;<strong><a href=\"https:\/\/docs.google.com\/forms\/d\/e\/1FAIpQLScBzP0dMevZP12WyAO1CED3_7WJazxZhLh6ot0fnlUFAultiA\/viewform\">Link a formulario<\/a><\/strong><\/p>\n\n\n\n<p>(Se podr\u00e1n subir torneos luego pero habr\u00e1 multas hasta 10 d\u00edas $ 7000 y hasta 7 d\u00edas $ 12.000 (se pagara en el momento del pedido) luego no ser\u00e1n subidos bajo ning\u00fan concepto.)<\/p>\n\n\n\n<p>Para que el torneo se compute enviaran el pago total de los pesos seg\u00fan abajo se estipula. Y todos los jugadores tendran que figurar en el listado de Canon.<\/p>\n\n\n\n<p>CANON<\/p>\n\n\n\n<ul class=\"wp-block-list\">\n<li>El canon 2026 se pagar\u00e1 individualmente cada jugador en formulario, siendo la \u00fanica manera de carga de los canon.<\/li>\n\n\n\n<li>El canon Mayores hasta el 30 de Junio de 2026, ser\u00e1 de pesos $ 27.000 y el Canon Sub-18 $ 17.000.<\/li>\n\n\n\n<li>El Arbitro tendr\u00e1 que ver en el torneo que todos los c\u00e1nones est\u00e9n pagos. En caso de computar torneo un jugador sin canon el organizador tendr\u00e1 que pagar el doble del valor del canon de cada jugador que no lo tenga pago como multa. (siguen rigiendo la multa de pesos $ 4000 adicionales por cada jugador que no tenga canon pago en r\u00e1pida y blitz)<\/li>\n<\/ul>\n\n\n\n<p>Para el Pago <a href=\"https:\/\/forms.gle\/52sRACcQB277U3of9\">https:\/\/forms.gle\/52sRACcQB277U3of9<\/a><\/p>\n\n\n\n<p>Listado 2026 <a href=\"https:\/\/docs.google.com\/spreadsheets\/d\/16pnyrJSPaqIky7_eZuDsf3BaRUWJbZMfj1aSkIWJ6gM\/edit?usp=sharing\">https:\/\/docs.google.com\/spreadsheets\/d\/16pnyrJSPaqIky7_eZuDsf3BaRUWJbZMfj1aSkIWJ6gM\/edit?usp=sharing<\/a><\/p>\n\n\n\n<p>Luego de finalizado enviar el TUNX del Torneo al correo y el IT3 del mismo (en el torneo tendr\u00e1 que estar cargado las fechas de nacimiento de los jugadores que no tengan ID FIDE y en CLUB cargar la Afiliada que representan).<\/p>\n\n\n\n<p>ADEMAS SE TENDRA QUE ENVIAR UNA FOTO DEL DNI DEL JUGADOR SIN ID DE TODOS LOS TORNEOS <\/p>\n\n\n\n<ul class=\"wp-block-list\">\n<li>Cosas a tener en cuenta para que el torneo se compute<\/li>\n\n\n\n<li>1.- Enviar Formulario con 15 d\u00edas como m\u00ednimo de anticipaci\u00f3n que se haga el torneo. Sino habr\u00e1 multas hasta 10 d\u00edas $ 7000 y hasta 7 d\u00edas $ 12.000 (se pagara en el momento del pedido) luego no ser\u00e1n subidos bajo ning\u00fan concepto.<\/li>\n\n\n\n<li>2.- No poner acentos ni \u00f1 en ningun nombre ni apellido<\/li>\n\n\n\n<li>3.- Todos los torneos tendr\u00e1n que subirse obligatoriamente a chess-results mientras se est\u00e9n disputando y adem\u00e1s en Organizador figurara la persona f\u00edsica y tendr\u00e1 que aparecer la entidad que computa el torneo. En organizador en chess results poner primero la entidad organizadora y luego el nombre del porganizador<\/li>\n\n\n\n<li>4.- No se podr\u00e1 anotar un jugador extranjero que no tenga ID FIDE (para esto consultar por correo).<\/li>\n\n\n\n<li>5.- Los informes se aceptaran hasta 30 d\u00edas finalizado el torneo.<\/li>\n\n\n\n<li>6.- Tener en cuenta el cierre de los torneos para el computo mensual es 3 dias antes del ultimo dia del mes.<\/li>\n\n\n\n<li>7.- El \u00fanico autorizado a enviar el informe del torneo es el arbitro principal<\/li>\n\n\n\n<li>8.- El torneo mientras se juegue y una vez finalizado tambien tendra que estar en chess results<\/li>\n\n\n\n<li>9.- Tienen que poner el codigo FIDE del torneo en chess results<\/li>\n<\/ul>\n\n\n\n<p><strong>AUTORIZACI\u00d3N Y AVAL<\/strong>&nbsp;de arbitraje para torneos v\u00e1lidos al ELO fide<br>Se aplicar\u00e1 con un costo de 4000 pesos por torneo<\/p>\n\n\n\n<p><strong>TASA FIDE PARA TORNEOS SUIZOS<\/strong><\/p>\n\n\n\n<p>Hasta el 30 de Junio de 2026 ser\u00e1 2.4 DOLARES por jugador<\/p>\n\n\n\n<p>Mirar cotizacion en la pagina&nbsp;<a href=\"https:\/\/www.ambito.com\/contenidos\/dolar.html\">https:\/\/www.ambito.com\/contenidos\/dolar.html<\/a>&nbsp;y pagar en pesos<\/p>\n\n\n\n<p>Adem\u00e1s todos los jugadores tendr\u00e1n que tener pago el Canon FADA.&nbsp;<\/p>\n\n\n\n<p>Organizadores privados, abonar\u00e1n el 30% m\u00e1s de costo por jugador.<\/p>\n\n\n\n<p><strong>TORNEOS BLITZ Y R\u00c1PIDOS<\/strong> HASTA EL 30 DE JUNIO DE 2026<br>Sera de 1200 pesos por jugador<\/p>\n\n\n\n<p>Todos los jugadores tendr\u00e1n que tener pago el Canon FADA. Pero en Blitz y Rapido el organizador abonando 4000 pesos por jugador ADICIONALES se le exime del Canon en ese torneo.<\/p>\n\n\n\n<p><strong>TORNEOS CERRADOS<\/strong><\/p>\n\n\n\n<p>Para estos torneos tendr\u00e1n que enviar la nomina del total de los jugadores, el fixture con horarios (no se podr\u00e1n pasar partidas) , fotos de todas la rondas y el 100% de las partidas pasadas (Adem\u00e1s el computo estar\u00e1 a consideraci\u00f3n de la Comisi\u00f3n de Arbitros FADA y su comisi\u00f3n DIRECTIVA)<br>Informe al ELO, IRT hasta 2229 de promedio 2.4 dolares por jugador (en pesos)<br>Informe al ELO, IRT o ITT cerrados, ELO 2230 a 2379 120 d\u00f3lares (en pesos)<br>Informe al ELO, IRT o ITT cerrados, ELO 2380 a 2599 240 D\u00f3lares (en pesos)<br>Torneos con mas fuerza consultar<\/p>\n\n\n\n<p><br><strong>Dep\u00f3sito en:<\/strong>&nbsp;<br>Federaci\u00f3n Argentina de Ajedrez<br>Banco de la Provincia De Buenos Aires<br>CTA CTE 50575\/8<br>Sucursal: 5027<br>CBU 0140078601502705057589<\/p>\n\n\n\n<p>Equipo de Rating AI\/OI Leandro Plotinsky \u2013 AI\/OI Juan Duran \u2013 AI Igor Dubrovich<br><strong>Enviar torneos a los siguientes email:<\/strong><br><a href=\"mailto:eloytitulosfada@gmail.com\">eloytitulosfada@gmail.com<\/a>;&nbsp;<a href=\"mailto:federacion.argentina.ajedrez@gmail.com\">federacion.argentina.ajedrez@gmail.com<\/a><\/p>\n","protected":false},"excerpt":{"rendered":"<p>C\u00d3MO PEDIR Y ENVIAR UN TORNEO AL ELOLos \u00e1rbitros u organizadores tendran que llenar el formulario online de pedido de torneo con un&hellip;<\/p>\n","protected":false},"author":1,"featured_media":0,"parent":0,"menu_order":0,"comment_status":"closed","ping_status":"closed","template":"","meta":{"footnotes":""},"class_list":["post-9108","page","type-page","status-publish","hentry"],"_links":{"self":[{"href":"https:\/\/federacionargentinadeajedrez.org\/index.php?rest_route=\/wp\/v2\/pages\/9108","targetHints":{"allow":["GET"]}}],"collection":[{"href":"https:\/\/federacionargentinadeajedrez.org\/index.php?rest_route=\/wp\/v2\/pages"}],"about":[{"href":"https:\/\/federacionargentinadeajedrez.org\/index.php?rest_route=\/wp\/v2\/types\/page"}],"author":[{"embeddable":true,"href":"https:\/\/federacionargentinadeajedrez.org\/index.php?rest_route=\/wp\/v2\/users\/1"}],"replies":[{"embeddable":true,"href":"https:\/\/federacionargentinadeajedrez.org\/index.php?rest_route=%2Fwp%2Fv2%2Fcomments&post=9108"}],"version-history":[{"count":4,"href":"https:\/\/federacionargentinadeajedrez.org\/index.php?rest_route=\/wp\/v2\/pages\/9108\/revisions"}],"predecessor-version":[{"id":9523,"href":"https:\/\/federacionargentinadeajedrez.org\/index.php?rest_route=\/wp\/v2\/pages\/9108\/revisions\/9523"}],"wp:attachment":[{"href":"https:\/\/federacionargentinadeajedrez.org\/index.php?rest_route=%2Fwp%2Fv2%2Fmedia&parent=9108"}],"curies":[{"name":"wp","href":"https:\/\/api.w.org\/{rel}","templated":true}]}}